{"id":49273,"date":"2026-02-24T11:47:22","date_gmt":"2026-02-24T10:47:22","guid":{"rendered":"https:\/\/imprimeideas.es\/?post_type=product&p=49273"},"modified":"2026-02-26T18:08:12","modified_gmt":"2026-02-26T17:08:12","slug":"caja-presentacion-macalix","status":"publish","type":"product","link":"https:\/\/imprimeideas.es\/en\/product\/caja-presentacion-macalix\/","title":{"rendered":"Caja Presentaci\u00f3n Macalix"},"content":{"rendered":"<p>Caja de presentaci\u00f3n en madera natural. Con bisagras met\u00e1licas y cierre magn\u00e9tico.Elaborado con elementos vegetales para as\u00ed fomentar la utilizaci\u00f3n de materias primas naturales y reducir las emisiones contaminantes.<\/p>","protected":false},"excerpt":{"rendered":"<p>Caja de presentaci\u00f3n en madera natural. Con bisagras met\u00e1licas y cierre magn\u00e9tico.Elaborado con elementos vegetales para as\u00ed fomentar la utilizaci\u00f3n<\/p>","protected":false},"featured_media":71796,"comment_status":"open","ping_status":"open","template":"","meta":{"inline_featured_image":false},"product_brand":[],"product_cat":[287,105],"product_tag":[],"class_list":{"0":"post-49273","1":"product","2":"type-product","3":"status-publish","4":"has-post-thumbnail","6":"product_cat-embalaje-especial","7":"product_cat-vino-accesorios-de-bebida-y-hosteleria","9":"first","10":"instock","11":"taxable","12":"shipping-taxable","13":"purchasable","14":"product-type-variable","15":"has-default-attributes"},"aioseo_notices":[],"_links":{"self":[{"href":"https:\/\/imprimeideas.es\/en\/wp-json\/wp\/v2\/product\/49273","targetHints":{"allow":["GET"]}}],"collection":[{"href":"https:\/\/imprimeideas.es\/en\/wp-json\/wp\/v2\/product"}],"about":[{"href":"https:\/\/imprimeideas.es\/en\/wp-json\/wp\/v2\/types\/product"}],"replies":[{"embeddable":true,"href":"https:\/\/imprimeideas.es\/en\/wp-json\/wp\/v2\/comments?post=49273"}],"version-history":[{"count":1,"href":"https:\/\/imprimeideas.es\/en\/wp-json\/wp\/v2\/product\/49273\/revisions"}],"predecessor-version":[{"id":57975,"href":"https:\/\/imprimeideas.es\/en\/wp-json\/wp\/v2\/product\/49273\/revisions\/57975"}],"wp:featuredmedia":[{"embeddable":true,"href":"https:\/\/imprimeideas.es\/en\/wp-json\/wp\/v2\/media\/71796"}],"wp:attachment":[{"href":"https:\/\/imprimeideas.es\/en\/wp-json\/wp\/v2\/media?parent=49273"}],"wp:term":[{"taxonomy":"product_brand","embeddable":true,"href":"https:\/\/imprimeideas.es\/en\/wp-json\/wp\/v2\/product_brand?post=49273"},{"taxonomy":"product_cat","embeddable":true,"href":"https:\/\/imprimeideas.es\/en\/wp-json\/wp\/v2\/product_cat?post=49273"},{"taxonomy":"product_tag","embeddable":true,"href":"https:\/\/imprimeideas.es\/en\/wp-json\/wp\/v2\/product_tag?post=49273"}],"curies":[{"name":"wp","href":"https:\/\/api.w.org\/{rel}","templated":true}]}}