{"id":49262,"date":"2026-02-24T11:47:21","date_gmt":"2026-02-24T10:47:21","guid":{"rendered":"https:\/\/imprimeideas.es\/?post_type=product&p=49262"},"modified":"2026-02-26T18:32:48","modified_gmt":"2026-02-26T17:32:48","slug":"sacacorchos-electrico-breya","status":"publish","type":"product","link":"https:\/\/imprimeideas.es\/en\/product\/sacacorchos-electrico-breya\/","title":{"rendered":"Sacacorchos El\u00e9ctrico Breya"},"content":{"rendered":"<p>Sacacorchos el\u00e9ctrico dise\u00f1ado para abrir botellas de vino de forma r\u00e1pida y sencilla. Equipado con un bot\u00f3n de extracci\u00f3n autom\u00e1tica, permite retirar el corcho sin esfuerzo,. Alimentaci\u00f3n a pilas (4xAAA no incluidas).<\/p>","protected":false},"excerpt":{"rendered":"<p>4 Pilas AAA No Incluidas<\/p>","protected":false},"featured_media":85140,"comment_status":"open","ping_status":"open","template":"","meta":{"inline_featured_image":false},"product_brand":[],"product_cat":[104,105],"product_tag":[],"class_list":{"0":"post-49262","1":"product","2":"type-product","3":"status-publish","4":"has-post-thumbnail","6":"product_cat-hogar-y-decoracion","7":"product_cat-vino-accesorios-de-bebida-y-hosteleria","9":"first","10":"instock","11":"taxable","12":"shipping-taxable","13":"purchasable","14":"product-type-variable","15":"has-default-attributes"},"aioseo_notices":[],"_links":{"self":[{"href":"https:\/\/imprimeideas.es\/en\/wp-json\/wp\/v2\/product\/49262","targetHints":{"allow":["GET"]}}],"collection":[{"href":"https:\/\/imprimeideas.es\/en\/wp-json\/wp\/v2\/product"}],"about":[{"href":"https:\/\/imprimeideas.es\/en\/wp-json\/wp\/v2\/types\/product"}],"replies":[{"embeddable":true,"href":"https:\/\/imprimeideas.es\/en\/wp-json\/wp\/v2\/comments?post=49262"}],"version-history":[{"count":1,"href":"https:\/\/imprimeideas.es\/en\/wp-json\/wp\/v2\/product\/49262\/revisions"}],"predecessor-version":[{"id":57971,"href":"https:\/\/imprimeideas.es\/en\/wp-json\/wp\/v2\/product\/49262\/revisions\/57971"}],"wp:featuredmedia":[{"embeddable":true,"href":"https:\/\/imprimeideas.es\/en\/wp-json\/wp\/v2\/media\/85140"}],"wp:attachment":[{"href":"https:\/\/imprimeideas.es\/en\/wp-json\/wp\/v2\/media?parent=49262"}],"wp:term":[{"taxonomy":"product_brand","embeddable":true,"href":"https:\/\/imprimeideas.es\/en\/wp-json\/wp\/v2\/product_brand?post=49262"},{"taxonomy":"product_cat","embeddable":true,"href":"https:\/\/imprimeideas.es\/en\/wp-json\/wp\/v2\/product_cat?post=49262"},{"taxonomy":"product_tag","embeddable":true,"href":"https:\/\/imprimeideas.es\/en\/wp-json\/wp\/v2\/product_tag?post=49262"}],"curies":[{"name":"wp","href":"https:\/\/api.w.org\/{rel}","templated":true}]}}