{"id":49255,"date":"2026-02-24T11:47:20","date_gmt":"2026-02-24T10:47:20","guid":{"rendered":"https:\/\/imprimeideas.es\/?post_type=product&p=49255"},"modified":"2026-02-26T18:13:35","modified_gmt":"2026-02-26T17:13:35","slug":"vaso-termico-sublimacion-lyrena","status":"publish","type":"product","link":"https:\/\/imprimeideas.es\/en\/product\/vaso-termico-sublimacion-lyrena\/","title":{"rendered":"Vaso T\u00e9rmico Sublimaci\u00f3n Lyrena"},"content":{"rendered":"<p>Vaso t\u00e9rmico fabricado en acero inox de doble pared y 370ml de capacidad. Especialmente dise\u00f1ado para marcaje en sublimaci\u00f3n, acabado en blanco brillo. Equipado con un dosificador en la tapa de color negro, dise\u00f1ado para evitar fugas y libre de BPA.<\/p>","protected":false},"excerpt":{"rendered":"<p>370 ml<\/p>","protected":false},"featured_media":81833,"comment_status":"open","ping_status":"open","template":"","meta":{"inline_featured_image":false},"product_brand":[],"product_cat":[115,97],"product_tag":[],"class_list":{"0":"post-49255","1":"product","2":"type-product","3":"status-publish","4":"has-post-thumbnail","6":"product_cat-sublimacion","7":"product_cat-tazas-jarras-y-termos","9":"first","10":"instock","11":"taxable","12":"shipping-taxable","13":"purchasable","14":"product-type-variable","15":"has-default-attributes"},"aioseo_notices":[],"_links":{"self":[{"href":"https:\/\/imprimeideas.es\/en\/wp-json\/wp\/v2\/product\/49255","targetHints":{"allow":["GET"]}}],"collection":[{"href":"https:\/\/imprimeideas.es\/en\/wp-json\/wp\/v2\/product"}],"about":[{"href":"https:\/\/imprimeideas.es\/en\/wp-json\/wp\/v2\/types\/product"}],"replies":[{"embeddable":true,"href":"https:\/\/imprimeideas.es\/en\/wp-json\/wp\/v2\/comments?post=49255"}],"version-history":[{"count":1,"href":"https:\/\/imprimeideas.es\/en\/wp-json\/wp\/v2\/product\/49255\/revisions"}],"predecessor-version":[{"id":57968,"href":"https:\/\/imprimeideas.es\/en\/wp-json\/wp\/v2\/product\/49255\/revisions\/57968"}],"wp:featuredmedia":[{"embeddable":true,"href":"https:\/\/imprimeideas.es\/en\/wp-json\/wp\/v2\/media\/81833"}],"wp:attachment":[{"href":"https:\/\/imprimeideas.es\/en\/wp-json\/wp\/v2\/media?parent=49255"}],"wp:term":[{"taxonomy":"product_brand","embeddable":true,"href":"https:\/\/imprimeideas.es\/en\/wp-json\/wp\/v2\/product_brand?post=49255"},{"taxonomy":"product_cat","embeddable":true,"href":"https:\/\/imprimeideas.es\/en\/wp-json\/wp\/v2\/product_cat?post=49255"},{"taxonomy":"product_tag","embeddable":true,"href":"https:\/\/imprimeideas.es\/en\/wp-json\/wp\/v2\/product_tag?post=49255"}],"curies":[{"name":"wp","href":"https:\/\/api.w.org\/{rel}","templated":true}]}}