{"id":49251,"date":"2026-02-24T11:47:20","date_gmt":"2026-02-24T10:47:20","guid":{"rendered":"https:\/\/imprimeideas.es\/?post_type=product&p=49251"},"modified":"2026-02-26T18:37:34","modified_gmt":"2026-02-26T17:37:34","slug":"medalla-sublimacion-aviana","status":"publish","type":"product","link":"https:\/\/imprimeideas.es\/en\/product\/medalla-sublimacion-aviana\/","title":{"rendered":"Medalla Sublimaci\u00f3n Aviana"},"content":{"rendered":"<p>Medalla met\u00e1lica con acabado dorado liso, especialmente dise\u00f1ada para marcaje en sublimaci\u00f3n (no integrada en el producto, ideal para imprimir y pegar posteriormente). Cinta de poli\u00e9ster en color rojo incluida.<\/p>","protected":false},"excerpt":{"rendered":"<p>Medalla met\u00e1lica con acabado dorado liso, especialmente dise\u00f1ada para marcaje en sublimaci\u00f3n (no integrada en el producto, ideal para imprimir<\/p>","protected":false},"featured_media":61145,"comment_status":"open","ping_status":"open","template":"","meta":{"inline_featured_image":false},"product_brand":[],"product_cat":[101,113,106,115],"product_tag":[],"class_list":{"0":"post-49251","1":"product","2":"type-product","3":"status-publish","4":"has-post-thumbnail","6":"product_cat-deporte-y-aventura","7":"product_cat-eventos-y-fiesta","8":"product_cat-regalos-y-premiums","9":"product_cat-sublimacion","11":"first","12":"instock","13":"taxable","14":"shipping-taxable","15":"purchasable","16":"product-type-variable","17":"has-default-attributes"},"aioseo_notices":[],"_links":{"self":[{"href":"https:\/\/imprimeideas.es\/en\/wp-json\/wp\/v2\/product\/49251","targetHints":{"allow":["GET"]}}],"collection":[{"href":"https:\/\/imprimeideas.es\/en\/wp-json\/wp\/v2\/product"}],"about":[{"href":"https:\/\/imprimeideas.es\/en\/wp-json\/wp\/v2\/types\/product"}],"replies":[{"embeddable":true,"href":"https:\/\/imprimeideas.es\/en\/wp-json\/wp\/v2\/comments?post=49251"}],"version-history":[{"count":1,"href":"https:\/\/imprimeideas.es\/en\/wp-json\/wp\/v2\/product\/49251\/revisions"}],"predecessor-version":[{"id":57966,"href":"https:\/\/imprimeideas.es\/en\/wp-json\/wp\/v2\/product\/49251\/revisions\/57966"}],"wp:featuredmedia":[{"embeddable":true,"href":"https:\/\/imprimeideas.es\/en\/wp-json\/wp\/v2\/media\/61145"}],"wp:attachment":[{"href":"https:\/\/imprimeideas.es\/en\/wp-json\/wp\/v2\/media?parent=49251"}],"wp:term":[{"taxonomy":"product_brand","embeddable":true,"href":"https:\/\/imprimeideas.es\/en\/wp-json\/wp\/v2\/product_brand?post=49251"},{"taxonomy":"product_cat","embeddable":true,"href":"https:\/\/imprimeideas.es\/en\/wp-json\/wp\/v2\/product_cat?post=49251"},{"taxonomy":"product_tag","embeddable":true,"href":"https:\/\/imprimeideas.es\/en\/wp-json\/wp\/v2\/product_tag?post=49251"}],"curies":[{"name":"wp","href":"https:\/\/api.w.org\/{rel}","templated":true}]}}