{"id":49246,"date":"2026-02-24T11:47:19","date_gmt":"2026-02-24T10:47:19","guid":{"rendered":"https:\/\/imprimeideas.es\/?post_type=product&p=49246"},"modified":"2026-02-26T18:32:57","modified_gmt":"2026-02-26T17:32:57","slug":"delantal-sublimacion-zyriel","status":"publish","type":"product","link":"https:\/\/imprimeideas.es\/en\/product\/delantal-sublimacion-zyriel\/","title":{"rendered":"Delantal Sublimaci\u00f3n Zyriel"},"content":{"rendered":"<p>Delantal fabricado en suave y resistente poli\u00e9ster, ideal para personalizaci\u00f3n mediante impresi\u00f3n por sublimaci\u00f3n.<\/p>","protected":false},"excerpt":{"rendered":"<p>Delantal fabricado en suave y resistente poli\u00e9ster, ideal para personalizaci\u00f3n mediante impresi\u00f3n por sublimaci\u00f3n.<\/p>","protected":false},"featured_media":69421,"comment_status":"open","ping_status":"open","template":"","meta":{"inline_featured_image":false},"product_brand":[],"product_cat":[104,115],"product_tag":[],"class_list":{"0":"post-49246","1":"product","2":"type-product","3":"status-publish","4":"has-post-thumbnail","6":"product_cat-hogar-y-decoracion","7":"product_cat-sublimacion","9":"first","10":"instock","11":"taxable","12":"shipping-taxable","13":"purchasable","14":"product-type-variable","15":"has-default-attributes"},"aioseo_notices":[],"_links":{"self":[{"href":"https:\/\/imprimeideas.es\/en\/wp-json\/wp\/v2\/product\/49246","targetHints":{"allow":["GET"]}}],"collection":[{"href":"https:\/\/imprimeideas.es\/en\/wp-json\/wp\/v2\/product"}],"about":[{"href":"https:\/\/imprimeideas.es\/en\/wp-json\/wp\/v2\/types\/product"}],"replies":[{"embeddable":true,"href":"https:\/\/imprimeideas.es\/en\/wp-json\/wp\/v2\/comments?post=49246"}],"version-history":[{"count":1,"href":"https:\/\/imprimeideas.es\/en\/wp-json\/wp\/v2\/product\/49246\/revisions"}],"predecessor-version":[{"id":57964,"href":"https:\/\/imprimeideas.es\/en\/wp-json\/wp\/v2\/product\/49246\/revisions\/57964"}],"wp:featuredmedia":[{"embeddable":true,"href":"https:\/\/imprimeideas.es\/en\/wp-json\/wp\/v2\/media\/69421"}],"wp:attachment":[{"href":"https:\/\/imprimeideas.es\/en\/wp-json\/wp\/v2\/media?parent=49246"}],"wp:term":[{"taxonomy":"product_brand","embeddable":true,"href":"https:\/\/imprimeideas.es\/en\/wp-json\/wp\/v2\/product_brand?post=49246"},{"taxonomy":"product_cat","embeddable":true,"href":"https:\/\/imprimeideas.es\/en\/wp-json\/wp\/v2\/product_cat?post=49246"},{"taxonomy":"product_tag","embeddable":true,"href":"https:\/\/imprimeideas.es\/en\/wp-json\/wp\/v2\/product_tag?post=49246"}],"curies":[{"name":"wp","href":"https:\/\/api.w.org\/{rel}","templated":true}]}}