{"id":49242,"date":"2026-02-24T11:47:19","date_gmt":"2026-02-24T10:47:19","guid":{"rendered":"https:\/\/imprimeideas.es\/?post_type=product&p=49242"},"modified":"2026-02-26T18:32:59","modified_gmt":"2026-02-26T17:32:59","slug":"bolsa-sublimacion-myrena","status":"publish","type":"product","link":"https:\/\/imprimeideas.es\/en\/product\/bolsa-sublimacion-myrena\/","title":{"rendered":"Bolsa Sublimaci\u00f3n Myrena"},"content":{"rendered":"<p>Bolsa fabricada en suave y resistente poli\u00e9ster, ideal para personalizaci\u00f3n mediante impresi\u00f3n por sublimaci\u00f3n. Con fuelle y asas reforzadas. Resistencia hasta 6 kg de peso.<\/p>","protected":false},"excerpt":{"rendered":"<p>Bolsa fabricada en suave y resistente poli\u00e9ster, ideal para personalizaci\u00f3n mediante impresi\u00f3n por sublimaci\u00f3n. Con fuelle y asas reforzadas. Resistencia<\/p>","protected":false},"featured_media":69461,"comment_status":"open","ping_status":"open","template":"","meta":{"inline_featured_image":false},"product_brand":[],"product_cat":[99,115],"product_tag":[],"class_list":{"0":"post-49242","1":"product","2":"type-product","3":"status-publish","4":"has-post-thumbnail","6":"product_cat-bolsas","7":"product_cat-sublimacion","9":"first","10":"instock","11":"taxable","12":"shipping-taxable","13":"purchasable","14":"product-type-variable","15":"has-default-attributes"},"aioseo_notices":[],"_links":{"self":[{"href":"https:\/\/imprimeideas.es\/en\/wp-json\/wp\/v2\/product\/49242","targetHints":{"allow":["GET"]}}],"collection":[{"href":"https:\/\/imprimeideas.es\/en\/wp-json\/wp\/v2\/product"}],"about":[{"href":"https:\/\/imprimeideas.es\/en\/wp-json\/wp\/v2\/types\/product"}],"replies":[{"embeddable":true,"href":"https:\/\/imprimeideas.es\/en\/wp-json\/wp\/v2\/comments?post=49242"}],"version-history":[{"count":1,"href":"https:\/\/imprimeideas.es\/en\/wp-json\/wp\/v2\/product\/49242\/revisions"}],"predecessor-version":[{"id":57962,"href":"https:\/\/imprimeideas.es\/en\/wp-json\/wp\/v2\/product\/49242\/revisions\/57962"}],"wp:featuredmedia":[{"embeddable":true,"href":"https:\/\/imprimeideas.es\/en\/wp-json\/wp\/v2\/media\/69461"}],"wp:attachment":[{"href":"https:\/\/imprimeideas.es\/en\/wp-json\/wp\/v2\/media?parent=49242"}],"wp:term":[{"taxonomy":"product_brand","embeddable":true,"href":"https:\/\/imprimeideas.es\/en\/wp-json\/wp\/v2\/product_brand?post=49242"},{"taxonomy":"product_cat","embeddable":true,"href":"https:\/\/imprimeideas.es\/en\/wp-json\/wp\/v2\/product_cat?post=49242"},{"taxonomy":"product_tag","embeddable":true,"href":"https:\/\/imprimeideas.es\/en\/wp-json\/wp\/v2\/product_tag?post=49242"}],"curies":[{"name":"wp","href":"https:\/\/api.w.org\/{rel}","templated":true}]}}