{"id":49240,"date":"2026-02-24T11:47:19","date_gmt":"2026-02-24T10:47:19","guid":{"rendered":"https:\/\/imprimeideas.es\/?post_type=product&p=49240"},"modified":"2026-02-26T18:19:12","modified_gmt":"2026-02-26T17:19:12","slug":"monedero-sublimacion-elyron","status":"publish","type":"product","link":"https:\/\/imprimeideas.es\/en\/product\/monedero-sublimacion-elyron\/","title":{"rendered":"Monedero Sublimaci\u00f3n Elyron"},"content":{"rendered":"<p>Monedero de poli\u00e9ster con efecto natural y acabado de suave tacto. Ideal para impresi\u00f3n en sublimaci\u00f3n.<\/p>","protected":false},"excerpt":{"rendered":"<p>Monedero de poli\u00e9ster con efecto natural y acabado de suave tacto. Ideal para impresi\u00f3n en sublimaci\u00f3n.<\/p>","protected":false},"featured_media":73311,"comment_status":"open","ping_status":"open","template":"","meta":{"inline_featured_image":false},"product_brand":[],"product_cat":[106,115],"product_tag":[],"class_list":{"0":"post-49240","1":"product","2":"type-product","3":"status-publish","4":"has-post-thumbnail","6":"product_cat-regalos-y-premiums","7":"product_cat-sublimacion","9":"first","10":"instock","11":"taxable","12":"shipping-taxable","13":"purchasable","14":"product-type-variable","15":"has-default-attributes"},"aioseo_notices":[],"_links":{"self":[{"href":"https:\/\/imprimeideas.es\/en\/wp-json\/wp\/v2\/product\/49240","targetHints":{"allow":["GET"]}}],"collection":[{"href":"https:\/\/imprimeideas.es\/en\/wp-json\/wp\/v2\/product"}],"about":[{"href":"https:\/\/imprimeideas.es\/en\/wp-json\/wp\/v2\/types\/product"}],"replies":[{"embeddable":true,"href":"https:\/\/imprimeideas.es\/en\/wp-json\/wp\/v2\/comments?post=49240"}],"version-history":[{"count":1,"href":"https:\/\/imprimeideas.es\/en\/wp-json\/wp\/v2\/product\/49240\/revisions"}],"predecessor-version":[{"id":57961,"href":"https:\/\/imprimeideas.es\/en\/wp-json\/wp\/v2\/product\/49240\/revisions\/57961"}],"wp:featuredmedia":[{"embeddable":true,"href":"https:\/\/imprimeideas.es\/en\/wp-json\/wp\/v2\/media\/73311"}],"wp:attachment":[{"href":"https:\/\/imprimeideas.es\/en\/wp-json\/wp\/v2\/media?parent=49240"}],"wp:term":[{"taxonomy":"product_brand","embeddable":true,"href":"https:\/\/imprimeideas.es\/en\/wp-json\/wp\/v2\/product_brand?post=49240"},{"taxonomy":"product_cat","embeddable":true,"href":"https:\/\/imprimeideas.es\/en\/wp-json\/wp\/v2\/product_cat?post=49240"},{"taxonomy":"product_tag","embeddable":true,"href":"https:\/\/imprimeideas.es\/en\/wp-json\/wp\/v2\/product_tag?post=49240"}],"curies":[{"name":"wp","href":"https:\/\/api.w.org\/{rel}","templated":true}]}}