{"id":49237,"date":"2026-02-24T11:47:18","date_gmt":"2026-02-24T10:47:18","guid":{"rendered":"https:\/\/imprimeideas.es\/?post_type=product&p=49237"},"modified":"2026-02-26T18:27:59","modified_gmt":"2026-02-26T17:27:59","slug":"bidon-sublimacion-alorin","status":"publish","type":"product","link":"https:\/\/imprimeideas.es\/en\/product\/bidon-sublimacion-alorin\/","title":{"rendered":"Bid\u00f3n Sublimaci\u00f3n Alorin"},"content":{"rendered":"<p>Bid\u00f3n de 650 ml de capacidad fabricado en resistente aluminio. En color blanco brillante, especialmente dise\u00f1ado para la sublimaci\u00f3n. Con tap\u00f3n a rosca transl\u00facido y correa a juego para un sencillo transporte. Libre de BPA.<\/p>","protected":false},"excerpt":{"rendered":"<p>650 ml<\/p>","protected":false},"featured_media":81905,"comment_status":"open","ping_status":"open","template":"","meta":{"inline_featured_image":false},"product_brand":[],"product_cat":[115,97],"product_tag":[],"class_list":{"0":"post-49237","1":"product","2":"type-product","3":"status-publish","4":"has-post-thumbnail","6":"product_cat-sublimacion","7":"product_cat-tazas-jarras-y-termos","9":"first","10":"instock","11":"taxable","12":"shipping-taxable","13":"purchasable","14":"product-type-variable","15":"has-default-attributes"},"aioseo_notices":[],"_links":{"self":[{"href":"https:\/\/imprimeideas.es\/en\/wp-json\/wp\/v2\/product\/49237","targetHints":{"allow":["GET"]}}],"collection":[{"href":"https:\/\/imprimeideas.es\/en\/wp-json\/wp\/v2\/product"}],"about":[{"href":"https:\/\/imprimeideas.es\/en\/wp-json\/wp\/v2\/types\/product"}],"replies":[{"embeddable":true,"href":"https:\/\/imprimeideas.es\/en\/wp-json\/wp\/v2\/comments?post=49237"}],"version-history":[{"count":1,"href":"https:\/\/imprimeideas.es\/en\/wp-json\/wp\/v2\/product\/49237\/revisions"}],"predecessor-version":[{"id":57960,"href":"https:\/\/imprimeideas.es\/en\/wp-json\/wp\/v2\/product\/49237\/revisions\/57960"}],"wp:featuredmedia":[{"embeddable":true,"href":"https:\/\/imprimeideas.es\/en\/wp-json\/wp\/v2\/media\/81905"}],"wp:attachment":[{"href":"https:\/\/imprimeideas.es\/en\/wp-json\/wp\/v2\/media?parent=49237"}],"wp:term":[{"taxonomy":"product_brand","embeddable":true,"href":"https:\/\/imprimeideas.es\/en\/wp-json\/wp\/v2\/product_brand?post=49237"},{"taxonomy":"product_cat","embeddable":true,"href":"https:\/\/imprimeideas.es\/en\/wp-json\/wp\/v2\/product_cat?post=49237"},{"taxonomy":"product_tag","embeddable":true,"href":"https:\/\/imprimeideas.es\/en\/wp-json\/wp\/v2\/product_tag?post=49237"}],"curies":[{"name":"wp","href":"https:\/\/api.w.org\/{rel}","templated":true}]}}