{"id":49235,"date":"2026-02-24T11:47:18","date_gmt":"2026-02-24T10:47:18","guid":{"rendered":"https:\/\/imprimeideas.es\/?post_type=product&p=49235"},"modified":"2026-02-26T18:03:12","modified_gmt":"2026-02-26T17:03:12","slug":"taza-sublimacion-deriox","status":"publish","type":"product","link":"https:\/\/imprimeideas.es\/en\/product\/taza-sublimacion-deriox\/","title":{"rendered":"Taza Sublimaci\u00f3n Deriox"},"content":{"rendered":"<p>Taza met\u00e1lica de 200ml de capacidad con dise\u00f1o vintage y acabado blanco brillante con elegante detalle en cromado en el borde. Dise\u00f1ada especialmente para la sublimaci\u00f3n.<\/p>","protected":false},"excerpt":{"rendered":"<p>200 ml<\/p>","protected":false},"featured_media":83294,"comment_status":"open","ping_status":"open","template":"","meta":{"inline_featured_image":false},"product_brand":[],"product_cat":[115,97],"product_tag":[],"class_list":{"0":"post-49235","1":"product","2":"type-product","3":"status-publish","4":"has-post-thumbnail","6":"product_cat-sublimacion","7":"product_cat-tazas-jarras-y-termos","9":"first","10":"instock","11":"taxable","12":"shipping-taxable","13":"purchasable","14":"product-type-variable","15":"has-default-attributes"},"aioseo_notices":[],"_links":{"self":[{"href":"https:\/\/imprimeideas.es\/en\/wp-json\/wp\/v2\/product\/49235","targetHints":{"allow":["GET"]}}],"collection":[{"href":"https:\/\/imprimeideas.es\/en\/wp-json\/wp\/v2\/product"}],"about":[{"href":"https:\/\/imprimeideas.es\/en\/wp-json\/wp\/v2\/types\/product"}],"replies":[{"embeddable":true,"href":"https:\/\/imprimeideas.es\/en\/wp-json\/wp\/v2\/comments?post=49235"}],"version-history":[{"count":1,"href":"https:\/\/imprimeideas.es\/en\/wp-json\/wp\/v2\/product\/49235\/revisions"}],"predecessor-version":[{"id":57959,"href":"https:\/\/imprimeideas.es\/en\/wp-json\/wp\/v2\/product\/49235\/revisions\/57959"}],"wp:featuredmedia":[{"embeddable":true,"href":"https:\/\/imprimeideas.es\/en\/wp-json\/wp\/v2\/media\/83294"}],"wp:attachment":[{"href":"https:\/\/imprimeideas.es\/en\/wp-json\/wp\/v2\/media?parent=49235"}],"wp:term":[{"taxonomy":"product_brand","embeddable":true,"href":"https:\/\/imprimeideas.es\/en\/wp-json\/wp\/v2\/product_brand?post=49235"},{"taxonomy":"product_cat","embeddable":true,"href":"https:\/\/imprimeideas.es\/en\/wp-json\/wp\/v2\/product_cat?post=49235"},{"taxonomy":"product_tag","embeddable":true,"href":"https:\/\/imprimeideas.es\/en\/wp-json\/wp\/v2\/product_tag?post=49235"}],"curies":[{"name":"wp","href":"https:\/\/api.w.org\/{rel}","templated":true}]}}