{"id":49223,"date":"2026-02-24T11:47:17","date_gmt":"2026-02-24T10:47:17","guid":{"rendered":"https:\/\/imprimeideas.es\/?post_type=product&p=49223"},"modified":"2026-02-26T18:33:03","modified_gmt":"2026-02-26T17:33:03","slug":"taza-sublimacion-beesbur","status":"publish","type":"product","link":"https:\/\/imprimeideas.es\/en\/product\/taza-sublimacion-beesbur\/","title":{"rendered":"Taza Sublimaci\u00f3n Beesbur"},"content":{"rendered":"<p>Taza de acero inox de 220ml, con cuerpo de acabado blanco brillante met\u00e1lico y una funcional asa en forma de mosquet\u00f3n pudiendo ser f\u00e1cil de transportar. Especialmente dise\u00f1ada para la sublimaci\u00f3n.<\/p>","protected":false},"excerpt":{"rendered":"<p>220 ml<\/p>","protected":false},"featured_media":79519,"comment_status":"open","ping_status":"open","template":"","meta":{"inline_featured_image":false},"product_brand":[],"product_cat":[94,115,97],"product_tag":[],"class_list":{"0":"post-49223","1":"product","2":"type-product","3":"status-publish","4":"has-post-thumbnail","6":"product_cat-mochilas","7":"product_cat-sublimacion","8":"product_cat-tazas-jarras-y-termos","10":"first","11":"instock","12":"taxable","13":"shipping-taxable","14":"purchasable","15":"product-type-variable","16":"has-default-attributes"},"aioseo_notices":[],"_links":{"self":[{"href":"https:\/\/imprimeideas.es\/en\/wp-json\/wp\/v2\/product\/49223","targetHints":{"allow":["GET"]}}],"collection":[{"href":"https:\/\/imprimeideas.es\/en\/wp-json\/wp\/v2\/product"}],"about":[{"href":"https:\/\/imprimeideas.es\/en\/wp-json\/wp\/v2\/types\/product"}],"replies":[{"embeddable":true,"href":"https:\/\/imprimeideas.es\/en\/wp-json\/wp\/v2\/comments?post=49223"}],"version-history":[{"count":1,"href":"https:\/\/imprimeideas.es\/en\/wp-json\/wp\/v2\/product\/49223\/revisions"}],"predecessor-version":[{"id":57955,"href":"https:\/\/imprimeideas.es\/en\/wp-json\/wp\/v2\/product\/49223\/revisions\/57955"}],"wp:featuredmedia":[{"embeddable":true,"href":"https:\/\/imprimeideas.es\/en\/wp-json\/wp\/v2\/media\/79519"}],"wp:attachment":[{"href":"https:\/\/imprimeideas.es\/en\/wp-json\/wp\/v2\/media?parent=49223"}],"wp:term":[{"taxonomy":"product_brand","embeddable":true,"href":"https:\/\/imprimeideas.es\/en\/wp-json\/wp\/v2\/product_brand?post=49223"},{"taxonomy":"product_cat","embeddable":true,"href":"https:\/\/imprimeideas.es\/en\/wp-json\/wp\/v2\/product_cat?post=49223"},{"taxonomy":"product_tag","embeddable":true,"href":"https:\/\/imprimeideas.es\/en\/wp-json\/wp\/v2\/product_tag?post=49223"}],"curies":[{"name":"wp","href":"https:\/\/api.w.org\/{rel}","templated":true}]}}