{"id":49220,"date":"2026-02-24T11:47:16","date_gmt":"2026-02-24T10:47:16","guid":{"rendered":"https:\/\/imprimeideas.es\/?post_type=product&p=49220"},"modified":"2026-02-26T18:32:46","modified_gmt":"2026-02-26T17:32:46","slug":"escuadra-yeiz","status":"publish","type":"product","link":"https:\/\/imprimeideas.es\/en\/product\/escuadra-yeiz\/","title":{"rendered":"Escuadra Yeiz"},"content":{"rendered":"<p>Escuadra en forma de L, fabricada en aluminio, con una longitud de 30,5 cm y medidas en pulgadas de 10,5?. Dise\u00f1ada con una empu\u00f1adura que incorpora un nivel y un pr\u00e1ctico agujero para colgar, facilitando su almacenamiento.<\/p>","protected":false},"excerpt":{"rendered":"<p>30,5 cm y 10,5&#8243;<\/p>","protected":false},"featured_media":85248,"comment_status":"open","ping_status":"open","template":"","meta":{"inline_featured_image":false},"product_brand":[],"product_cat":[110],"product_tag":[],"class_list":{"0":"post-49220","1":"product","2":"type-product","3":"status-publish","4":"has-post-thumbnail","6":"product_cat-herramientas-brico-y-automovil","8":"first","9":"instock","10":"taxable","11":"shipping-taxable","12":"purchasable","13":"product-type-variable","14":"has-default-attributes"},"aioseo_notices":[],"_links":{"self":[{"href":"https:\/\/imprimeideas.es\/en\/wp-json\/wp\/v2\/product\/49220","targetHints":{"allow":["GET"]}}],"collection":[{"href":"https:\/\/imprimeideas.es\/en\/wp-json\/wp\/v2\/product"}],"about":[{"href":"https:\/\/imprimeideas.es\/en\/wp-json\/wp\/v2\/types\/product"}],"replies":[{"embeddable":true,"href":"https:\/\/imprimeideas.es\/en\/wp-json\/wp\/v2\/comments?post=49220"}],"version-history":[{"count":1,"href":"https:\/\/imprimeideas.es\/en\/wp-json\/wp\/v2\/product\/49220\/revisions"}],"predecessor-version":[{"id":57954,"href":"https:\/\/imprimeideas.es\/en\/wp-json\/wp\/v2\/product\/49220\/revisions\/57954"}],"wp:featuredmedia":[{"embeddable":true,"href":"https:\/\/imprimeideas.es\/en\/wp-json\/wp\/v2\/media\/85248"}],"wp:attachment":[{"href":"https:\/\/imprimeideas.es\/en\/wp-json\/wp\/v2\/media?parent=49220"}],"wp:term":[{"taxonomy":"product_brand","embeddable":true,"href":"https:\/\/imprimeideas.es\/en\/wp-json\/wp\/v2\/product_brand?post=49220"},{"taxonomy":"product_cat","embeddable":true,"href":"https:\/\/imprimeideas.es\/en\/wp-json\/wp\/v2\/product_cat?post=49220"},{"taxonomy":"product_tag","embeddable":true,"href":"https:\/\/imprimeideas.es\/en\/wp-json\/wp\/v2\/product_tag?post=49220"}],"curies":[{"name":"wp","href":"https:\/\/api.w.org\/{rel}","templated":true}]}}