{"id":49216,"date":"2026-02-24T11:47:16","date_gmt":"2026-02-24T10:47:16","guid":{"rendered":"https:\/\/imprimeideas.es\/?post_type=product&p=49216"},"modified":"2026-02-26T18:08:21","modified_gmt":"2026-02-26T17:08:21","slug":"caja-presentacion-baremon","status":"publish","type":"product","link":"https:\/\/imprimeideas.es\/en\/product\/caja-presentacion-baremon\/","title":{"rendered":"Caja Presentaci\u00f3n Baremon"},"content":{"rendered":"<p>Caja de presentaci\u00f3n con interior de madera natural y recubrimiento exterior de corcho. Cuenta con cierre de correa marr\u00f3n.<\/p>","protected":false},"excerpt":{"rendered":"<p>Caja de presentaci\u00f3n con interior de madera natural y recubrimiento exterior de corcho. Cuenta con cierre de correa marr\u00f3n.<\/p>","protected":false},"featured_media":80744,"comment_status":"open","ping_status":"open","template":"","meta":{"inline_featured_image":false},"product_brand":[],"product_cat":[287,105],"product_tag":[],"class_list":{"0":"post-49216","1":"product","2":"type-product","3":"status-publish","4":"has-post-thumbnail","6":"product_cat-embalaje-especial","7":"product_cat-vino-accesorios-de-bebida-y-hosteleria","9":"first","10":"instock","11":"taxable","12":"shipping-taxable","13":"purchasable","14":"product-type-variable","15":"has-default-attributes"},"aioseo_notices":[],"_links":{"self":[{"href":"https:\/\/imprimeideas.es\/en\/wp-json\/wp\/v2\/product\/49216","targetHints":{"allow":["GET"]}}],"collection":[{"href":"https:\/\/imprimeideas.es\/en\/wp-json\/wp\/v2\/product"}],"about":[{"href":"https:\/\/imprimeideas.es\/en\/wp-json\/wp\/v2\/types\/product"}],"replies":[{"embeddable":true,"href":"https:\/\/imprimeideas.es\/en\/wp-json\/wp\/v2\/comments?post=49216"}],"version-history":[{"count":1,"href":"https:\/\/imprimeideas.es\/en\/wp-json\/wp\/v2\/product\/49216\/revisions"}],"predecessor-version":[{"id":57952,"href":"https:\/\/imprimeideas.es\/en\/wp-json\/wp\/v2\/product\/49216\/revisions\/57952"}],"wp:featuredmedia":[{"embeddable":true,"href":"https:\/\/imprimeideas.es\/en\/wp-json\/wp\/v2\/media\/80744"}],"wp:attachment":[{"href":"https:\/\/imprimeideas.es\/en\/wp-json\/wp\/v2\/media?parent=49216"}],"wp:term":[{"taxonomy":"product_brand","embeddable":true,"href":"https:\/\/imprimeideas.es\/en\/wp-json\/wp\/v2\/product_brand?post=49216"},{"taxonomy":"product_cat","embeddable":true,"href":"https:\/\/imprimeideas.es\/en\/wp-json\/wp\/v2\/product_cat?post=49216"},{"taxonomy":"product_tag","embeddable":true,"href":"https:\/\/imprimeideas.es\/en\/wp-json\/wp\/v2\/product_tag?post=49216"}],"curies":[{"name":"wp","href":"https:\/\/api.w.org\/{rel}","templated":true}]}}