{"id":49209,"date":"2026-02-24T11:47:15","date_gmt":"2026-02-24T10:47:15","guid":{"rendered":"https:\/\/imprimeideas.es\/?post_type=product&p=49209"},"modified":"2026-02-26T18:42:27","modified_gmt":"2026-02-26T17:42:27","slug":"caja-presentacion-mexar","status":"publish","type":"product","link":"https:\/\/imprimeideas.es\/en\/product\/caja-presentacion-mexar\/","title":{"rendered":"Caja Presentaci\u00f3n Mexar"},"content":{"rendered":"<p>Caja de presentaci\u00f3n tama\u00f1o mediano fabricado en cart\u00f3n reciclado corrugado en color negro. En l\u00ednea con la tendencia del mercado hacia la sostenibilidad integral del regalo, ofreciendo soluciones de origen reciclado con el fin de ayudar a la mejora y conservaci\u00f3n de nuestro planeta.<\/p>","protected":false},"excerpt":{"rendered":"<p>Caja de presentaci\u00f3n tama\u00f1o mediano fabricado en cart\u00f3n reciclado corrugado en color negro. En l\u00ednea con la tendencia del mercado<\/p>","protected":false},"featured_media":81358,"comment_status":"open","ping_status":"open","template":"","meta":{"inline_featured_image":false},"product_brand":[],"product_cat":[287],"product_tag":[],"class_list":{"0":"post-49209","1":"product","2":"type-product","3":"status-publish","4":"has-post-thumbnail","6":"product_cat-embalaje-especial","8":"first","9":"instock","10":"taxable","11":"shipping-taxable","12":"purchasable","13":"product-type-variable","14":"has-default-attributes"},"aioseo_notices":[],"_links":{"self":[{"href":"https:\/\/imprimeideas.es\/en\/wp-json\/wp\/v2\/product\/49209","targetHints":{"allow":["GET"]}}],"collection":[{"href":"https:\/\/imprimeideas.es\/en\/wp-json\/wp\/v2\/product"}],"about":[{"href":"https:\/\/imprimeideas.es\/en\/wp-json\/wp\/v2\/types\/product"}],"replies":[{"embeddable":true,"href":"https:\/\/imprimeideas.es\/en\/wp-json\/wp\/v2\/comments?post=49209"}],"version-history":[{"count":1,"href":"https:\/\/imprimeideas.es\/en\/wp-json\/wp\/v2\/product\/49209\/revisions"}],"predecessor-version":[{"id":57949,"href":"https:\/\/imprimeideas.es\/en\/wp-json\/wp\/v2\/product\/49209\/revisions\/57949"}],"wp:featuredmedia":[{"embeddable":true,"href":"https:\/\/imprimeideas.es\/en\/wp-json\/wp\/v2\/media\/81358"}],"wp:attachment":[{"href":"https:\/\/imprimeideas.es\/en\/wp-json\/wp\/v2\/media?parent=49209"}],"wp:term":[{"taxonomy":"product_brand","embeddable":true,"href":"https:\/\/imprimeideas.es\/en\/wp-json\/wp\/v2\/product_brand?post=49209"},{"taxonomy":"product_cat","embeddable":true,"href":"https:\/\/imprimeideas.es\/en\/wp-json\/wp\/v2\/product_cat?post=49209"},{"taxonomy":"product_tag","embeddable":true,"href":"https:\/\/imprimeideas.es\/en\/wp-json\/wp\/v2\/product_tag?post=49209"}],"curies":[{"name":"wp","href":"https:\/\/api.w.org\/{rel}","templated":true}]}}