{"id":49207,"date":"2026-02-24T11:47:15","date_gmt":"2026-02-24T10:47:15","guid":{"rendered":"https:\/\/imprimeideas.es\/?post_type=product&p=49207"},"modified":"2026-02-26T18:37:27","modified_gmt":"2026-02-26T17:37:27","slug":"set-darklin","status":"publish","type":"product","link":"https:\/\/imprimeideas.es\/en\/product\/set-darklin\/","title":{"rendered":"Set Darklin"},"content":{"rendered":"<p>Set de bol\u00edgrafo y l\u00e1piz eterno fabricados con cartones de leche reciclados, presentados en funda de papel con semillas. Bol\u00edgrafo de tinta azul y l\u00e1piz con punta eterna, para as\u00ed usar siempre el mismo l\u00e1piz y no generar residuos, ambos con mecanismo pulsador y clip a juego fabricados en Ca\u00f1a de Trigo, con distintivo grabado. Con distintivo de cart\u00f3n de leche reciclado en el cuerpo. La funda incluye semillas de petunia, convirti\u00e9ndolo en papel plantable al final de su vida \u00fatil. Incluye instrucciones de plantado en la cubierta trasera.Los Cartones de Ceche se componen en su mayor parte de cart\u00f3n y aluminio. Durante su proceso de reciclado, se separan los distintos materiales del envase para su reutilizaci\u00f3n y nuevo uso, contribuyendo as\u00ed a recorrer el camino infinito de la econom\u00eda circular. Este material se caracteriza por su alto grado de reciclabilidad, as\u00ed como por su ligereza y resistencia.La Ca\u00f1a de Trigo fomenta la utilizaci\u00f3n de materias primas naturales, reduciendo as\u00ed las emisiones contaminantes.<\/p>","protected":false},"excerpt":{"rendered":"<p>Bol\u00edgrafo y L\u00e1piz Eterno. Funda Papel Semilla. Semillas de Petunia. Flores Colores Surtidos<\/p>","protected":false},"featured_media":65544,"comment_status":"open","ping_status":"open","template":"","meta":{"inline_featured_image":false},"product_brand":[],"product_cat":[100,108,106],"product_tag":[],"class_list":{"0":"post-49207","1":"product","2":"type-product","3":"status-publish","4":"has-post-thumbnail","6":"product_cat-escritura","7":"product_cat-infantil","8":"product_cat-regalos-y-premiums","10":"first","11":"instock","12":"taxable","13":"shipping-taxable","14":"purchasable","15":"product-type-variable","16":"has-default-attributes"},"aioseo_notices":[],"_links":{"self":[{"href":"https:\/\/imprimeideas.es\/en\/wp-json\/wp\/v2\/product\/49207","targetHints":{"allow":["GET"]}}],"collection":[{"href":"https:\/\/imprimeideas.es\/en\/wp-json\/wp\/v2\/product"}],"about":[{"href":"https:\/\/imprimeideas.es\/en\/wp-json\/wp\/v2\/types\/product"}],"replies":[{"embeddable":true,"href":"https:\/\/imprimeideas.es\/en\/wp-json\/wp\/v2\/comments?post=49207"}],"version-history":[{"count":1,"href":"https:\/\/imprimeideas.es\/en\/wp-json\/wp\/v2\/product\/49207\/revisions"}],"predecessor-version":[{"id":57948,"href":"https:\/\/imprimeideas.es\/en\/wp-json\/wp\/v2\/product\/49207\/revisions\/57948"}],"wp:featuredmedia":[{"embeddable":true,"href":"https:\/\/imprimeideas.es\/en\/wp-json\/wp\/v2\/media\/65544"}],"wp:attachment":[{"href":"https:\/\/imprimeideas.es\/en\/wp-json\/wp\/v2\/media?parent=49207"}],"wp:term":[{"taxonomy":"product_brand","embeddable":true,"href":"https:\/\/imprimeideas.es\/en\/wp-json\/wp\/v2\/product_brand?post=49207"},{"taxonomy":"product_cat","embeddable":true,"href":"https:\/\/imprimeideas.es\/en\/wp-json\/wp\/v2\/product_cat?post=49207"},{"taxonomy":"product_tag","embeddable":true,"href":"https:\/\/imprimeideas.es\/en\/wp-json\/wp\/v2\/product_tag?post=49207"}],"curies":[{"name":"wp","href":"https:\/\/api.w.org\/{rel}","templated":true}]}}