{"id":49204,"date":"2026-02-24T11:47:14","date_gmt":"2026-02-24T10:47:14","guid":{"rendered":"https:\/\/imprimeideas.es\/?post_type=product&p=49204"},"modified":"2026-02-26T18:08:07","modified_gmt":"2026-02-26T17:08:07","slug":"lapiz-eterno-stauton","status":"publish","type":"product","link":"https:\/\/imprimeideas.es\/en\/product\/lapiz-eterno-stauton\/","title":{"rendered":"L\u00e1piz Eterno Stauton"},"content":{"rendered":"<p>L\u00e1piz eterno fabricado con cartones de leche reciclados, presentado en funda de papel con semillas. Reutilizable y con escritura infinita. Incluye goma de borrar en la parte superior del l\u00e1piz y capucha de protecci\u00f3n. De color blanco, con detalles en negro. Con distintivo de cart\u00f3n de leche reciclado en el cuerpo. La funda incluye semillas de petunia, convirti\u00e9ndolo en papel plantable al final de su vida \u00fatil. Incluye instrucciones de plantado en la cubierta trasera.Los Cartones de Ceche se componen en su mayor parte de cart\u00f3n y aluminio. Durante su proceso de reciclado, se separan los distintos materiales del envase para su reutilizaci\u00f3n y nuevo uso, contribuyendo as\u00ed a recorrer el camino infinito de la econom\u00eda circular. Este material se caracteriza por su alto grado de reciclabilidad, as\u00ed como por su ligereza y resistencia.<\/p>","protected":false},"excerpt":{"rendered":"<p>Funda Papel Semilla. Semillas de Petunia. Flores Colores Surtidos<\/p>","protected":false},"featured_media":76652,"comment_status":"open","ping_status":"open","template":"","meta":{"inline_featured_image":false},"product_brand":[],"product_cat":[100,108,106],"product_tag":[],"class_list":{"0":"post-49204","1":"product","2":"type-product","3":"status-publish","4":"has-post-thumbnail","6":"product_cat-escritura","7":"product_cat-infantil","8":"product_cat-regalos-y-premiums","10":"first","11":"instock","12":"taxable","13":"shipping-taxable","14":"purchasable","15":"product-type-variable","16":"has-default-attributes"},"aioseo_notices":[],"_links":{"self":[{"href":"https:\/\/imprimeideas.es\/en\/wp-json\/wp\/v2\/product\/49204","targetHints":{"allow":["GET"]}}],"collection":[{"href":"https:\/\/imprimeideas.es\/en\/wp-json\/wp\/v2\/product"}],"about":[{"href":"https:\/\/imprimeideas.es\/en\/wp-json\/wp\/v2\/types\/product"}],"replies":[{"embeddable":true,"href":"https:\/\/imprimeideas.es\/en\/wp-json\/wp\/v2\/comments?post=49204"}],"version-history":[{"count":1,"href":"https:\/\/imprimeideas.es\/en\/wp-json\/wp\/v2\/product\/49204\/revisions"}],"predecessor-version":[{"id":57947,"href":"https:\/\/imprimeideas.es\/en\/wp-json\/wp\/v2\/product\/49204\/revisions\/57947"}],"wp:featuredmedia":[{"embeddable":true,"href":"https:\/\/imprimeideas.es\/en\/wp-json\/wp\/v2\/media\/76652"}],"wp:attachment":[{"href":"https:\/\/imprimeideas.es\/en\/wp-json\/wp\/v2\/media?parent=49204"}],"wp:term":[{"taxonomy":"product_brand","embeddable":true,"href":"https:\/\/imprimeideas.es\/en\/wp-json\/wp\/v2\/product_brand?post=49204"},{"taxonomy":"product_cat","embeddable":true,"href":"https:\/\/imprimeideas.es\/en\/wp-json\/wp\/v2\/product_cat?post=49204"},{"taxonomy":"product_tag","embeddable":true,"href":"https:\/\/imprimeideas.es\/en\/wp-json\/wp\/v2\/product_tag?post=49204"}],"curies":[{"name":"wp","href":"https:\/\/api.w.org\/{rel}","templated":true}]}}