{"id":49187,"date":"2026-02-24T11:47:12","date_gmt":"2026-02-24T10:47:12","guid":{"rendered":"https:\/\/imprimeideas.es\/?post_type=product&p=49187"},"modified":"2026-02-26T18:42:33","modified_gmt":"2026-02-26T17:42:33","slug":"funda-ordenador-portatil-gormond","status":"publish","type":"product","link":"https:\/\/imprimeideas.es\/en\/product\/funda-ordenador-portatil-gormond\/","title":{"rendered":"Funda Ordenador Port\u00e1til Gormond"},"content":{"rendered":"<p>Funda para ordenador port\u00e1til confeccionada en soft shell, con compartimento principal acolchado para dispositivos de hasta 14 pulgadas. Dise\u00f1ada con cierre de cremallera de doble tirador y un pr\u00e1ctico bolsillo exterior de acceso r\u00e1pido. F\u00e1cil de transportar gracias a sus asas de mano, cinta para hombro ajustable y cinta trasera para trolley.<\/p>","protected":false},"excerpt":{"rendered":"<p>Funda para ordenador port\u00e1til confeccionada en soft shell, con compartimento principal acolchado para dispositivos de hasta 14 pulgadas. Dise\u00f1ada con<\/p>","protected":false},"featured_media":80019,"comment_status":"open","ping_status":"open","template":"","meta":{"inline_featured_image":false},"product_brand":[],"product_cat":[96],"product_tag":[],"class_list":{"0":"post-49187","1":"product","2":"type-product","3":"status-publish","4":"has-post-thumbnail","6":"product_cat-oficina-y-negocios","8":"first","9":"instock","10":"taxable","11":"shipping-taxable","12":"purchasable","13":"product-type-variable","14":"has-default-attributes"},"aioseo_notices":[],"_links":{"self":[{"href":"https:\/\/imprimeideas.es\/en\/wp-json\/wp\/v2\/product\/49187","targetHints":{"allow":["GET"]}}],"collection":[{"href":"https:\/\/imprimeideas.es\/en\/wp-json\/wp\/v2\/product"}],"about":[{"href":"https:\/\/imprimeideas.es\/en\/wp-json\/wp\/v2\/types\/product"}],"replies":[{"embeddable":true,"href":"https:\/\/imprimeideas.es\/en\/wp-json\/wp\/v2\/comments?post=49187"}],"version-history":[{"count":1,"href":"https:\/\/imprimeideas.es\/en\/wp-json\/wp\/v2\/product\/49187\/revisions"}],"predecessor-version":[{"id":57942,"href":"https:\/\/imprimeideas.es\/en\/wp-json\/wp\/v2\/product\/49187\/revisions\/57942"}],"wp:featuredmedia":[{"embeddable":true,"href":"https:\/\/imprimeideas.es\/en\/wp-json\/wp\/v2\/media\/80019"}],"wp:attachment":[{"href":"https:\/\/imprimeideas.es\/en\/wp-json\/wp\/v2\/media?parent=49187"}],"wp:term":[{"taxonomy":"product_brand","embeddable":true,"href":"https:\/\/imprimeideas.es\/en\/wp-json\/wp\/v2\/product_brand?post=49187"},{"taxonomy":"product_cat","embeddable":true,"href":"https:\/\/imprimeideas.es\/en\/wp-json\/wp\/v2\/product_cat?post=49187"},{"taxonomy":"product_tag","embeddable":true,"href":"https:\/\/imprimeideas.es\/en\/wp-json\/wp\/v2\/product_tag?post=49187"}],"curies":[{"name":"wp","href":"https:\/\/api.w.org\/{rel}","templated":true}]}}