{"id":49183,"date":"2026-02-24T11:47:12","date_gmt":"2026-02-24T10:47:12","guid":{"rendered":"https:\/\/imprimeideas.es\/?post_type=product&p=49183"},"modified":"2026-02-26T18:37:31","modified_gmt":"2026-02-26T17:37:31","slug":"tarjetero-soporte-rickard","status":"publish","type":"product","link":"https:\/\/imprimeideas.es\/en\/product\/tarjetero-soporte-rickard\/","title":{"rendered":"Tarjetero Soporte Rickard"},"content":{"rendered":"<p>Funda tarjetero en PU Reciclado. Con soporte multifuncional que permite diversas posiciones. Con sistema de fijaci\u00f3n adhesiva. Incluye distintivo PU reciclado.La PU Reciclado destaca por su resistencia y elasticidad. Este material reciclado y reciclable es una opci\u00f3n sostenible que rescata las fibras desechadas en los procesos de fabricaci\u00f3n, minimizando as\u00ed el desperdicio de material y contribuyendo a su vez a reducir el impacto ambiental, manteniendo a la vez sus propiedades originales.<\/p>","protected":false},"excerpt":{"rendered":"<p>Adhesivo<\/p>","protected":false},"featured_media":73451,"comment_status":"open","ping_status":"open","template":"","meta":{"inline_featured_image":false},"product_brand":[],"product_cat":[95],"product_tag":[],"class_list":{"0":"post-49183","1":"product","2":"type-product","3":"status-publish","4":"has-post-thumbnail","6":"product_cat-tecnologia-y-accesorios","8":"first","9":"instock","10":"taxable","11":"shipping-taxable","12":"purchasable","13":"product-type-variable","14":"has-default-attributes"},"aioseo_notices":[],"_links":{"self":[{"href":"https:\/\/imprimeideas.es\/en\/wp-json\/wp\/v2\/product\/49183","targetHints":{"allow":["GET"]}}],"collection":[{"href":"https:\/\/imprimeideas.es\/en\/wp-json\/wp\/v2\/product"}],"about":[{"href":"https:\/\/imprimeideas.es\/en\/wp-json\/wp\/v2\/types\/product"}],"replies":[{"embeddable":true,"href":"https:\/\/imprimeideas.es\/en\/wp-json\/wp\/v2\/comments?post=49183"}],"version-history":[{"count":1,"href":"https:\/\/imprimeideas.es\/en\/wp-json\/wp\/v2\/product\/49183\/revisions"}],"predecessor-version":[{"id":57941,"href":"https:\/\/imprimeideas.es\/en\/wp-json\/wp\/v2\/product\/49183\/revisions\/57941"}],"wp:featuredmedia":[{"embeddable":true,"href":"https:\/\/imprimeideas.es\/en\/wp-json\/wp\/v2\/media\/73451"}],"wp:attachment":[{"href":"https:\/\/imprimeideas.es\/en\/wp-json\/wp\/v2\/media?parent=49183"}],"wp:term":[{"taxonomy":"product_brand","embeddable":true,"href":"https:\/\/imprimeideas.es\/en\/wp-json\/wp\/v2\/product_brand?post=49183"},{"taxonomy":"product_cat","embeddable":true,"href":"https:\/\/imprimeideas.es\/en\/wp-json\/wp\/v2\/product_cat?post=49183"},{"taxonomy":"product_tag","embeddable":true,"href":"https:\/\/imprimeideas.es\/en\/wp-json\/wp\/v2\/product_tag?post=49183"}],"curies":[{"name":"wp","href":"https:\/\/api.w.org\/{rel}","templated":true}]}}