{"id":49177,"date":"2026-02-24T11:47:11","date_gmt":"2026-02-24T10:47:11","guid":{"rendered":"https:\/\/imprimeideas.es\/?post_type=product&p=49177"},"modified":"2026-02-26T18:13:34","modified_gmt":"2026-02-26T17:13:34","slug":"funda-multiusos-paddy","status":"publish","type":"product","link":"https:\/\/imprimeideas.es\/en\/product\/funda-multiusos-paddy\/","title":{"rendered":"Funda Multiusos Paddy"},"content":{"rendered":"<p>Funda multiusos fabricada en material el\u00e1stico, dise\u00f1ada para adaptarse c\u00f3modamente a diversos objetos personales como tarjetas, dinero, auriculares, llaves y m\u00e1s. Con sistema de fijaci\u00f3n adhesiva.<\/p>","protected":false},"excerpt":{"rendered":"<p>Adhesivo<\/p>","protected":false},"featured_media":74044,"comment_status":"open","ping_status":"open","template":"","meta":{"inline_featured_image":false},"product_brand":[],"product_cat":[95],"product_tag":[],"class_list":{"0":"post-49177","1":"product","2":"type-product","3":"status-publish","4":"has-post-thumbnail","6":"product_cat-tecnologia-y-accesorios","8":"first","9":"instock","10":"taxable","11":"shipping-taxable","12":"purchasable","13":"product-type-variable","14":"has-default-attributes"},"aioseo_notices":[],"_links":{"self":[{"href":"https:\/\/imprimeideas.es\/en\/wp-json\/wp\/v2\/product\/49177","targetHints":{"allow":["GET"]}}],"collection":[{"href":"https:\/\/imprimeideas.es\/en\/wp-json\/wp\/v2\/product"}],"about":[{"href":"https:\/\/imprimeideas.es\/en\/wp-json\/wp\/v2\/types\/product"}],"replies":[{"embeddable":true,"href":"https:\/\/imprimeideas.es\/en\/wp-json\/wp\/v2\/comments?post=49177"}],"version-history":[{"count":1,"href":"https:\/\/imprimeideas.es\/en\/wp-json\/wp\/v2\/product\/49177\/revisions"}],"predecessor-version":[{"id":57940,"href":"https:\/\/imprimeideas.es\/en\/wp-json\/wp\/v2\/product\/49177\/revisions\/57940"}],"wp:featuredmedia":[{"embeddable":true,"href":"https:\/\/imprimeideas.es\/en\/wp-json\/wp\/v2\/media\/74044"}],"wp:attachment":[{"href":"https:\/\/imprimeideas.es\/en\/wp-json\/wp\/v2\/media?parent=49177"}],"wp:term":[{"taxonomy":"product_brand","embeddable":true,"href":"https:\/\/imprimeideas.es\/en\/wp-json\/wp\/v2\/product_brand?post=49177"},{"taxonomy":"product_cat","embeddable":true,"href":"https:\/\/imprimeideas.es\/en\/wp-json\/wp\/v2\/product_cat?post=49177"},{"taxonomy":"product_tag","embeddable":true,"href":"https:\/\/imprimeideas.es\/en\/wp-json\/wp\/v2\/product_tag?post=49177"}],"curies":[{"name":"wp","href":"https:\/\/api.w.org\/{rel}","templated":true}]}}