{"id":49175,"date":"2026-02-24T11:47:11","date_gmt":"2026-02-24T10:47:11","guid":{"rendered":"https:\/\/imprimeideas.es\/?post_type=product&p=49175"},"modified":"2026-02-26T18:32:52","modified_gmt":"2026-02-26T17:32:52","slug":"soporte-errik","status":"publish","type":"product","link":"https:\/\/imprimeideas.es\/en\/product\/soporte-errik\/","title":{"rendered":"Soporte Errik"},"content":{"rendered":"<p>Soporte impermeable para smartphone, ideal para su uso en la ducha. Compatible con todo tipo de smartphones, cuenta con una amplia pantalla t\u00e1ctil para un c\u00f3modo uso del dispositivo. Incorpora un soporte orientable con rotaci\u00f3n de 360, que facilita ajustar la posici\u00f3n del dispositivo. Su instalaci\u00f3n es r\u00e1pida y sencilla gracias al resistente adhesivo de doble cara en la base.<\/p>","protected":false},"excerpt":{"rendered":"<p>Impermeable. Pantalla T\u00e1ctil<\/p>","protected":false},"featured_media":75254,"comment_status":"open","ping_status":"open","template":"","meta":{"inline_featured_image":false},"product_brand":[],"product_cat":[104,95],"product_tag":[],"class_list":{"0":"post-49175","1":"product","2":"type-product","3":"status-publish","4":"has-post-thumbnail","6":"product_cat-hogar-y-decoracion","7":"product_cat-tecnologia-y-accesorios","9":"first","10":"instock","11":"taxable","12":"shipping-taxable","13":"purchasable","14":"product-type-variable","15":"has-default-attributes"},"aioseo_notices":[],"_links":{"self":[{"href":"https:\/\/imprimeideas.es\/en\/wp-json\/wp\/v2\/product\/49175","targetHints":{"allow":["GET"]}}],"collection":[{"href":"https:\/\/imprimeideas.es\/en\/wp-json\/wp\/v2\/product"}],"about":[{"href":"https:\/\/imprimeideas.es\/en\/wp-json\/wp\/v2\/types\/product"}],"replies":[{"embeddable":true,"href":"https:\/\/imprimeideas.es\/en\/wp-json\/wp\/v2\/comments?post=49175"}],"version-history":[{"count":1,"href":"https:\/\/imprimeideas.es\/en\/wp-json\/wp\/v2\/product\/49175\/revisions"}],"predecessor-version":[{"id":57939,"href":"https:\/\/imprimeideas.es\/en\/wp-json\/wp\/v2\/product\/49175\/revisions\/57939"}],"wp:featuredmedia":[{"embeddable":true,"href":"https:\/\/imprimeideas.es\/en\/wp-json\/wp\/v2\/media\/75254"}],"wp:attachment":[{"href":"https:\/\/imprimeideas.es\/en\/wp-json\/wp\/v2\/media?parent=49175"}],"wp:term":[{"taxonomy":"product_brand","embeddable":true,"href":"https:\/\/imprimeideas.es\/en\/wp-json\/wp\/v2\/product_brand?post=49175"},{"taxonomy":"product_cat","embeddable":true,"href":"https:\/\/imprimeideas.es\/en\/wp-json\/wp\/v2\/product_cat?post=49175"},{"taxonomy":"product_tag","embeddable":true,"href":"https:\/\/imprimeideas.es\/en\/wp-json\/wp\/v2\/product_tag?post=49175"}],"curies":[{"name":"wp","href":"https:\/\/api.w.org\/{rel}","templated":true}]}}