{"id":49167,"date":"2026-02-24T11:47:10","date_gmt":"2026-02-24T10:47:10","guid":{"rendered":"https:\/\/imprimeideas.es\/?post_type=product&p=49167"},"modified":"2026-02-26T18:13:35","modified_gmt":"2026-02-26T17:13:35","slug":"abridor-afilador-stowel","status":"publish","type":"product","link":"https:\/\/imprimeideas.es\/en\/product\/abridor-afilador-stowel\/","title":{"rendered":"Abridor Afilador Stowel"},"content":{"rendered":"<p>Pr\u00e1ctico abridor y afilador 2 en 1, fabricado en bamb\u00fa. Incluye afilador de cuchillos integrado, abridor de botellas e im\u00e1n.<\/p>","protected":false},"excerpt":{"rendered":"<p>Magn\u00e9tico<\/p>","protected":false},"featured_media":66640,"comment_status":"open","ping_status":"open","template":"","meta":{"inline_featured_image":false},"product_brand":[],"product_cat":[104,105],"product_tag":[],"class_list":{"0":"post-49167","1":"product","2":"type-product","3":"status-publish","4":"has-post-thumbnail","6":"product_cat-hogar-y-decoracion","7":"product_cat-vino-accesorios-de-bebida-y-hosteleria","9":"first","10":"instock","11":"taxable","12":"shipping-taxable","13":"purchasable","14":"product-type-variable","15":"has-default-attributes"},"aioseo_notices":[],"_links":{"self":[{"href":"https:\/\/imprimeideas.es\/en\/wp-json\/wp\/v2\/product\/49167","targetHints":{"allow":["GET"]}}],"collection":[{"href":"https:\/\/imprimeideas.es\/en\/wp-json\/wp\/v2\/product"}],"about":[{"href":"https:\/\/imprimeideas.es\/en\/wp-json\/wp\/v2\/types\/product"}],"replies":[{"embeddable":true,"href":"https:\/\/imprimeideas.es\/en\/wp-json\/wp\/v2\/comments?post=49167"}],"version-history":[{"count":1,"href":"https:\/\/imprimeideas.es\/en\/wp-json\/wp\/v2\/product\/49167\/revisions"}],"predecessor-version":[{"id":57936,"href":"https:\/\/imprimeideas.es\/en\/wp-json\/wp\/v2\/product\/49167\/revisions\/57936"}],"wp:featuredmedia":[{"embeddable":true,"href":"https:\/\/imprimeideas.es\/en\/wp-json\/wp\/v2\/media\/66640"}],"wp:attachment":[{"href":"https:\/\/imprimeideas.es\/en\/wp-json\/wp\/v2\/media?parent=49167"}],"wp:term":[{"taxonomy":"product_brand","embeddable":true,"href":"https:\/\/imprimeideas.es\/en\/wp-json\/wp\/v2\/product_brand?post=49167"},{"taxonomy":"product_cat","embeddable":true,"href":"https:\/\/imprimeideas.es\/en\/wp-json\/wp\/v2\/product_cat?post=49167"},{"taxonomy":"product_tag","embeddable":true,"href":"https:\/\/imprimeideas.es\/en\/wp-json\/wp\/v2\/product_tag?post=49167"}],"curies":[{"name":"wp","href":"https:\/\/api.w.org\/{rel}","templated":true}]}}