{"id":49153,"date":"2026-02-24T11:47:08","date_gmt":"2026-02-24T10:47:08","guid":{"rendered":"https:\/\/imprimeideas.es\/?post_type=product&p=49153"},"modified":"2026-02-26T18:32:59","modified_gmt":"2026-02-26T17:32:59","slug":"medidor-laser-nulan","status":"publish","type":"product","link":"https:\/\/imprimeideas.es\/en\/product\/medidor-laser-nulan\/","title":{"rendered":"Medidor L\u00e1ser Nulan"},"content":{"rendered":"<p>Medidor l\u00e1ser multifuncional. Permite tomar lecturas, borrar datos y cambiar entre unidades de medici\u00f3n.Modos de medici\u00f3n avanzados:- Seguimiento de valores m\u00e1ximo y m\u00ednimo- Medici\u00f3n continua- C\u00e1lculo de \u00e1rea y volumen- Aplicaci\u00f3n del teorema de Pit\u00e1goras para mediciones indirectasAdmite unidades de medida en metros (m), pulgadas (in) y pies (ft).  Alcance m\u00e1ximo del l\u00e1ser de 40m. Incluye una pr\u00e1ctica correa para la mu\u00f1eca.<\/p>","protected":false},"excerpt":{"rendered":"<p>2 Pilas AAA No Incluidas<\/p>","protected":false},"featured_media":80538,"comment_status":"open","ping_status":"open","template":"","meta":{"inline_featured_image":false},"product_brand":[],"product_cat":[110],"product_tag":[],"class_list":{"0":"post-49153","1":"product","2":"type-product","3":"status-publish","4":"has-post-thumbnail","6":"product_cat-herramientas-brico-y-automovil","8":"first","9":"outofstock","10":"taxable","11":"shipping-taxable","12":"purchasable","13":"product-type-variable","14":"has-default-attributes"},"aioseo_notices":[],"_links":{"self":[{"href":"https:\/\/imprimeideas.es\/en\/wp-json\/wp\/v2\/product\/49153","targetHints":{"allow":["GET"]}}],"collection":[{"href":"https:\/\/imprimeideas.es\/en\/wp-json\/wp\/v2\/product"}],"about":[{"href":"https:\/\/imprimeideas.es\/en\/wp-json\/wp\/v2\/types\/product"}],"replies":[{"embeddable":true,"href":"https:\/\/imprimeideas.es\/en\/wp-json\/wp\/v2\/comments?post=49153"}],"version-history":[{"count":1,"href":"https:\/\/imprimeideas.es\/en\/wp-json\/wp\/v2\/product\/49153\/revisions"}],"predecessor-version":[{"id":57930,"href":"https:\/\/imprimeideas.es\/en\/wp-json\/wp\/v2\/product\/49153\/revisions\/57930"}],"wp:featuredmedia":[{"embeddable":true,"href":"https:\/\/imprimeideas.es\/en\/wp-json\/wp\/v2\/media\/80538"}],"wp:attachment":[{"href":"https:\/\/imprimeideas.es\/en\/wp-json\/wp\/v2\/media?parent=49153"}],"wp:term":[{"taxonomy":"product_brand","embeddable":true,"href":"https:\/\/imprimeideas.es\/en\/wp-json\/wp\/v2\/product_brand?post=49153"},{"taxonomy":"product_cat","embeddable":true,"href":"https:\/\/imprimeideas.es\/en\/wp-json\/wp\/v2\/product_cat?post=49153"},{"taxonomy":"product_tag","embeddable":true,"href":"https:\/\/imprimeideas.es\/en\/wp-json\/wp\/v2\/product_tag?post=49153"}],"curies":[{"name":"wp","href":"https:\/\/api.w.org\/{rel}","templated":true}]}}