{"id":49147,"date":"2026-02-24T11:47:08","date_gmt":"2026-02-24T10:47:08","guid":{"rendered":"https:\/\/imprimeideas.es\/?post_type=product&p=49147"},"modified":"2026-02-26T18:19:10","modified_gmt":"2026-02-26T17:19:10","slug":"manopla-kinix","status":"publish","type":"product","link":"https:\/\/imprimeideas.es\/en\/product\/manopla-kinix\/","title":{"rendered":"Manopla Kinix"},"content":{"rendered":"<p>Manopla de algod\u00f3n org\u00e1nico con recubrimiento de goma en la zona de agarre para mayor protecci\u00f3n ante altas temperaturas. Incluye distintivo algod\u00f3n org\u00e1nico.<\/p>","protected":false},"excerpt":{"rendered":"<p>Una Cara Lisa para Impresi\u00f3n<\/p>","protected":false},"featured_media":79894,"comment_status":"open","ping_status":"open","template":"","meta":{"inline_featured_image":false},"product_brand":[],"product_cat":[104],"product_tag":[],"class_list":{"0":"post-49147","1":"product","2":"type-product","3":"status-publish","4":"has-post-thumbnail","6":"product_cat-hogar-y-decoracion","8":"first","9":"instock","10":"taxable","11":"shipping-taxable","12":"purchasable","13":"product-type-variable","14":"has-default-attributes"},"aioseo_notices":[],"_links":{"self":[{"href":"https:\/\/imprimeideas.es\/en\/wp-json\/wp\/v2\/product\/49147","targetHints":{"allow":["GET"]}}],"collection":[{"href":"https:\/\/imprimeideas.es\/en\/wp-json\/wp\/v2\/product"}],"about":[{"href":"https:\/\/imprimeideas.es\/en\/wp-json\/wp\/v2\/types\/product"}],"replies":[{"embeddable":true,"href":"https:\/\/imprimeideas.es\/en\/wp-json\/wp\/v2\/comments?post=49147"}],"version-history":[{"count":1,"href":"https:\/\/imprimeideas.es\/en\/wp-json\/wp\/v2\/product\/49147\/revisions"}],"predecessor-version":[{"id":57929,"href":"https:\/\/imprimeideas.es\/en\/wp-json\/wp\/v2\/product\/49147\/revisions\/57929"}],"wp:featuredmedia":[{"embeddable":true,"href":"https:\/\/imprimeideas.es\/en\/wp-json\/wp\/v2\/media\/79894"}],"wp:attachment":[{"href":"https:\/\/imprimeideas.es\/en\/wp-json\/wp\/v2\/media?parent=49147"}],"wp:term":[{"taxonomy":"product_brand","embeddable":true,"href":"https:\/\/imprimeideas.es\/en\/wp-json\/wp\/v2\/product_brand?post=49147"},{"taxonomy":"product_cat","embeddable":true,"href":"https:\/\/imprimeideas.es\/en\/wp-json\/wp\/v2\/product_cat?post=49147"},{"taxonomy":"product_tag","embeddable":true,"href":"https:\/\/imprimeideas.es\/en\/wp-json\/wp\/v2\/product_tag?post=49147"}],"curies":[{"name":"wp","href":"https:\/\/api.w.org\/{rel}","templated":true}]}}