{"id":49140,"date":"2026-02-24T11:47:07","date_gmt":"2026-02-24T10:47:07","guid":{"rendered":"https:\/\/imprimeideas.es\/?post_type=product&p=49140"},"modified":"2026-02-26T18:19:29","modified_gmt":"2026-02-26T17:19:29","slug":"aspirador-kestrel","status":"publish","type":"product","link":"https:\/\/imprimeideas.es\/en\/product\/aspirador-kestrel\/","title":{"rendered":"Aspirador Kestrel"},"content":{"rendered":"<p>Aspiradora de mano sin cable, con una potencia de 30W y equipada con una bater\u00eda recargable de 1200 mAh. Incluye 3 pr\u00e1cticos accesorios:- Filtro antipolvo extra\u00edble para un vaciado sencillo y mantenimiento f\u00e1cil.- Boquilla larga, perfecta para alcanzar zonas estrechas y de dif\u00edcil acceso.- Accesorio con cepillo, dise\u00f1ado para limpiar superficies delicadas o con polvo adherido.Dise\u00f1ada para un manejo c\u00f3modo, cuenta con una empu\u00f1adura ergon\u00f3mica y bot\u00f3n de encendido\/apagado. Su estructura es resistente al agua y se recarga de manera pr\u00e1ctica mediante conexi\u00f3n USB tipo C.<\/p>","protected":false},"excerpt":{"rendered":"<p>3 Accesorios. Bater\u00eda 1200 mA<\/p>","protected":false},"featured_media":78131,"comment_status":"open","ping_status":"open","template":"","meta":{"inline_featured_image":false},"product_brand":[],"product_cat":[110],"product_tag":[],"class_list":{"0":"post-49140","1":"product","2":"type-product","3":"status-publish","4":"has-post-thumbnail","6":"product_cat-herramientas-brico-y-automovil","8":"first","9":"outofstock","10":"taxable","11":"shipping-taxable","12":"purchasable","13":"product-type-variable","14":"has-default-attributes"},"aioseo_notices":[],"_links":{"self":[{"href":"https:\/\/imprimeideas.es\/en\/wp-json\/wp\/v2\/product\/49140","targetHints":{"allow":["GET"]}}],"collection":[{"href":"https:\/\/imprimeideas.es\/en\/wp-json\/wp\/v2\/product"}],"about":[{"href":"https:\/\/imprimeideas.es\/en\/wp-json\/wp\/v2\/types\/product"}],"replies":[{"embeddable":true,"href":"https:\/\/imprimeideas.es\/en\/wp-json\/wp\/v2\/comments?post=49140"}],"version-history":[{"count":1,"href":"https:\/\/imprimeideas.es\/en\/wp-json\/wp\/v2\/product\/49140\/revisions"}],"predecessor-version":[{"id":57926,"href":"https:\/\/imprimeideas.es\/en\/wp-json\/wp\/v2\/product\/49140\/revisions\/57926"}],"wp:featuredmedia":[{"embeddable":true,"href":"https:\/\/imprimeideas.es\/en\/wp-json\/wp\/v2\/media\/78131"}],"wp:attachment":[{"href":"https:\/\/imprimeideas.es\/en\/wp-json\/wp\/v2\/media?parent=49140"}],"wp:term":[{"taxonomy":"product_brand","embeddable":true,"href":"https:\/\/imprimeideas.es\/en\/wp-json\/wp\/v2\/product_brand?post=49140"},{"taxonomy":"product_cat","embeddable":true,"href":"https:\/\/imprimeideas.es\/en\/wp-json\/wp\/v2\/product_cat?post=49140"},{"taxonomy":"product_tag","embeddable":true,"href":"https:\/\/imprimeideas.es\/en\/wp-json\/wp\/v2\/product_tag?post=49140"}],"curies":[{"name":"wp","href":"https:\/\/api.w.org\/{rel}","templated":true}]}}