{"id":49138,"date":"2026-02-24T11:47:07","date_gmt":"2026-02-24T10:47:07","guid":{"rendered":"https:\/\/imprimeideas.es\/?post_type=product&p=49138"},"modified":"2026-02-26T18:33:02","modified_gmt":"2026-02-26T17:33:02","slug":"set-herramientas-fibrex","status":"publish","type":"product","link":"https:\/\/imprimeideas.es\/en\/product\/set-herramientas-fibrex\/","title":{"rendered":"Set Herramientas Fibrex"},"content":{"rendered":"<p>Set de herramientas con estuche en forma de cami\u00f3n. Con 15 herramientas. Incluye set de destornilladores de precisi\u00f3n (plano y philips) y mango multifunci\u00f3n con cabezales intercambiables planos y de estrella.<\/p>","protected":false},"excerpt":{"rendered":"<p>15 Accesorios<\/p>","protected":false},"featured_media":73143,"comment_status":"open","ping_status":"open","template":"","meta":{"inline_featured_image":false},"product_brand":[],"product_cat":[110],"product_tag":[],"class_list":{"0":"post-49138","1":"product","2":"type-product","3":"status-publish","4":"has-post-thumbnail","6":"product_cat-herramientas-brico-y-automovil","8":"first","9":"instock","10":"taxable","11":"shipping-taxable","12":"purchasable","13":"product-type-variable","14":"has-default-attributes"},"aioseo_notices":[],"_links":{"self":[{"href":"https:\/\/imprimeideas.es\/en\/wp-json\/wp\/v2\/product\/49138","targetHints":{"allow":["GET"]}}],"collection":[{"href":"https:\/\/imprimeideas.es\/en\/wp-json\/wp\/v2\/product"}],"about":[{"href":"https:\/\/imprimeideas.es\/en\/wp-json\/wp\/v2\/types\/product"}],"replies":[{"embeddable":true,"href":"https:\/\/imprimeideas.es\/en\/wp-json\/wp\/v2\/comments?post=49138"}],"version-history":[{"count":1,"href":"https:\/\/imprimeideas.es\/en\/wp-json\/wp\/v2\/product\/49138\/revisions"}],"predecessor-version":[{"id":57925,"href":"https:\/\/imprimeideas.es\/en\/wp-json\/wp\/v2\/product\/49138\/revisions\/57925"}],"wp:featuredmedia":[{"embeddable":true,"href":"https:\/\/imprimeideas.es\/en\/wp-json\/wp\/v2\/media\/73143"}],"wp:attachment":[{"href":"https:\/\/imprimeideas.es\/en\/wp-json\/wp\/v2\/media?parent=49138"}],"wp:term":[{"taxonomy":"product_brand","embeddable":true,"href":"https:\/\/imprimeideas.es\/en\/wp-json\/wp\/v2\/product_brand?post=49138"},{"taxonomy":"product_cat","embeddable":true,"href":"https:\/\/imprimeideas.es\/en\/wp-json\/wp\/v2\/product_cat?post=49138"},{"taxonomy":"product_tag","embeddable":true,"href":"https:\/\/imprimeideas.es\/en\/wp-json\/wp\/v2\/product_tag?post=49138"}],"curies":[{"name":"wp","href":"https:\/\/api.w.org\/{rel}","templated":true}]}}