{"id":49133,"date":"2026-02-24T11:47:06","date_gmt":"2026-02-24T10:47:06","guid":{"rendered":"https:\/\/imprimeideas.es\/?post_type=product&p=49133"},"modified":"2026-02-26T18:33:05","modified_gmt":"2026-02-26T17:33:05","slug":"set-herramientas-niton","status":"publish","type":"product","link":"https:\/\/imprimeideas.es\/en\/product\/set-herramientas-niton\/","title":{"rendered":"Set Herramientas Niton"},"content":{"rendered":"<p>Set de herramientas con estuche en forma de coche y linterna LED. Con 20 herramientas. Incluye: &#8211; Set de destornilladores de precisi\u00f3n (planos y philips)- Herramienta de fijaci\u00f3n- Mango multifunci\u00f3n con cabezales de destornilladores planos y de estrella-Llaves para tuercas de cabeza hexagonal-Flex\u00f3metroCon linterna con 2 LEDs integrada en el escuche, alimentada por 4 pilas AAA (no incluidas).<\/p>","protected":false},"excerpt":{"rendered":"<p>2 Ledes. 20 Accesorios. 4 Pilas AAA No Incluidas<\/p>","protected":false},"featured_media":70396,"comment_status":"open","ping_status":"open","template":"","meta":{"inline_featured_image":false},"product_brand":[],"product_cat":[110],"product_tag":[],"class_list":{"0":"post-49133","1":"product","2":"type-product","3":"status-publish","4":"has-post-thumbnail","6":"product_cat-herramientas-brico-y-automovil","8":"first","9":"instock","10":"taxable","11":"shipping-taxable","12":"purchasable","13":"product-type-variable","14":"has-default-attributes"},"aioseo_notices":[],"_links":{"self":[{"href":"https:\/\/imprimeideas.es\/en\/wp-json\/wp\/v2\/product\/49133","targetHints":{"allow":["GET"]}}],"collection":[{"href":"https:\/\/imprimeideas.es\/en\/wp-json\/wp\/v2\/product"}],"about":[{"href":"https:\/\/imprimeideas.es\/en\/wp-json\/wp\/v2\/types\/product"}],"replies":[{"embeddable":true,"href":"https:\/\/imprimeideas.es\/en\/wp-json\/wp\/v2\/comments?post=49133"}],"version-history":[{"count":1,"href":"https:\/\/imprimeideas.es\/en\/wp-json\/wp\/v2\/product\/49133\/revisions"}],"predecessor-version":[{"id":57923,"href":"https:\/\/imprimeideas.es\/en\/wp-json\/wp\/v2\/product\/49133\/revisions\/57923"}],"wp:featuredmedia":[{"embeddable":true,"href":"https:\/\/imprimeideas.es\/en\/wp-json\/wp\/v2\/media\/70396"}],"wp:attachment":[{"href":"https:\/\/imprimeideas.es\/en\/wp-json\/wp\/v2\/media?parent=49133"}],"wp:term":[{"taxonomy":"product_brand","embeddable":true,"href":"https:\/\/imprimeideas.es\/en\/wp-json\/wp\/v2\/product_brand?post=49133"},{"taxonomy":"product_cat","embeddable":true,"href":"https:\/\/imprimeideas.es\/en\/wp-json\/wp\/v2\/product_cat?post=49133"},{"taxonomy":"product_tag","embeddable":true,"href":"https:\/\/imprimeideas.es\/en\/wp-json\/wp\/v2\/product_tag?post=49133"}],"curies":[{"name":"wp","href":"https:\/\/api.w.org\/{rel}","templated":true}]}}