{"id":49131,"date":"2026-02-24T11:47:06","date_gmt":"2026-02-24T10:47:06","guid":{"rendered":"https:\/\/imprimeideas.es\/?post_type=product&p=49131"},"modified":"2026-02-26T18:32:55","modified_gmt":"2026-02-26T17:32:55","slug":"prismaticos-blidar","status":"publish","type":"product","link":"https:\/\/imprimeideas.es\/en\/product\/prismaticos-blidar\/","title":{"rendered":"Prism\u00e1ticos Blidar"},"content":{"rendered":"<p>Prism\u00e1ticos ajustables de largo alcance con lentes de cristal y cuerpo en resistente ABS. Con suave y confortable zona de apoyo alrededor de los ojos. Con br\u00faula y cord\u00f3n con sistema antiestrangulamiento. Incluye estuche con cierre de velcro y cinta para cintur\u00f3n.<\/p>","protected":false},"excerpt":{"rendered":"<p>5X30. Funda Non-Woven<\/p>","protected":false},"featured_media":78791,"comment_status":"open","ping_status":"open","template":"","meta":{"inline_featured_image":false},"product_brand":[],"product_cat":[94],"product_tag":[],"class_list":{"0":"post-49131","1":"product","2":"type-product","3":"status-publish","4":"has-post-thumbnail","6":"product_cat-mochilas","8":"first","9":"instock","10":"taxable","11":"shipping-taxable","12":"purchasable","13":"product-type-variable","14":"has-default-attributes"},"aioseo_notices":[],"_links":{"self":[{"href":"https:\/\/imprimeideas.es\/en\/wp-json\/wp\/v2\/product\/49131","targetHints":{"allow":["GET"]}}],"collection":[{"href":"https:\/\/imprimeideas.es\/en\/wp-json\/wp\/v2\/product"}],"about":[{"href":"https:\/\/imprimeideas.es\/en\/wp-json\/wp\/v2\/types\/product"}],"replies":[{"embeddable":true,"href":"https:\/\/imprimeideas.es\/en\/wp-json\/wp\/v2\/comments?post=49131"}],"version-history":[{"count":1,"href":"https:\/\/imprimeideas.es\/en\/wp-json\/wp\/v2\/product\/49131\/revisions"}],"predecessor-version":[{"id":57922,"href":"https:\/\/imprimeideas.es\/en\/wp-json\/wp\/v2\/product\/49131\/revisions\/57922"}],"wp:featuredmedia":[{"embeddable":true,"href":"https:\/\/imprimeideas.es\/en\/wp-json\/wp\/v2\/media\/78791"}],"wp:attachment":[{"href":"https:\/\/imprimeideas.es\/en\/wp-json\/wp\/v2\/media?parent=49131"}],"wp:term":[{"taxonomy":"product_brand","embeddable":true,"href":"https:\/\/imprimeideas.es\/en\/wp-json\/wp\/v2\/product_brand?post=49131"},{"taxonomy":"product_cat","embeddable":true,"href":"https:\/\/imprimeideas.es\/en\/wp-json\/wp\/v2\/product_cat?post=49131"},{"taxonomy":"product_tag","embeddable":true,"href":"https:\/\/imprimeideas.es\/en\/wp-json\/wp\/v2\/product_tag?post=49131"}],"curies":[{"name":"wp","href":"https:\/\/api.w.org\/{rel}","templated":true}]}}