{"id":49118,"date":"2026-02-24T11:47:04","date_gmt":"2026-02-24T10:47:04","guid":{"rendered":"https:\/\/imprimeideas.es\/?post_type=product&p=49118"},"modified":"2026-02-26T18:08:22","modified_gmt":"2026-02-26T17:08:22","slug":"sombrilla-plegable-misarya","status":"publish","type":"product","link":"https:\/\/imprimeideas.es\/en\/product\/sombrilla-plegable-misarya\/","title":{"rendered":"Sombrilla Plegable Misarya"},"content":{"rendered":"<p>Sombrilla de playa plegable de 8 paneles su dise\u00f1o compacto en cuatro secciones facilita el montaje. Confeccionada en resistente nylon con interior en color gris plateado y protecci\u00f3n UV, con un di\u00e1metro de 160 cm, altura ajustable y tubos metalizados en color blanco. Las varillas est\u00e1n fabricadas en fibra de vidrio para mayor resistencia y resistente al viento. Se presenta en una pr\u00e1ctica funda transparente a juego con la sombrilla, con cierre de cuerda y cinta para transporte.<\/p>","protected":false},"excerpt":{"rendered":"<p>Protecci\u00f3n Rayos UV. Funda Nylon<\/p>","protected":false},"featured_media":49515,"comment_status":"open","ping_status":"open","template":"","meta":{"inline_featured_image":false},"product_brand":[],"product_cat":[114],"product_tag":[],"class_list":{"0":"post-49118","1":"product","2":"type-product","3":"status-publish","4":"has-post-thumbnail","6":"product_cat-verano-y-playa","8":"first","9":"instock","10":"taxable","11":"shipping-taxable","12":"purchasable","13":"product-type-variable","14":"has-default-attributes"},"aioseo_notices":[],"_links":{"self":[{"href":"https:\/\/imprimeideas.es\/en\/wp-json\/wp\/v2\/product\/49118","targetHints":{"allow":["GET"]}}],"collection":[{"href":"https:\/\/imprimeideas.es\/en\/wp-json\/wp\/v2\/product"}],"about":[{"href":"https:\/\/imprimeideas.es\/en\/wp-json\/wp\/v2\/types\/product"}],"replies":[{"embeddable":true,"href":"https:\/\/imprimeideas.es\/en\/wp-json\/wp\/v2\/comments?post=49118"}],"version-history":[{"count":1,"href":"https:\/\/imprimeideas.es\/en\/wp-json\/wp\/v2\/product\/49118\/revisions"}],"predecessor-version":[{"id":57920,"href":"https:\/\/imprimeideas.es\/en\/wp-json\/wp\/v2\/product\/49118\/revisions\/57920"}],"wp:featuredmedia":[{"embeddable":true,"href":"https:\/\/imprimeideas.es\/en\/wp-json\/wp\/v2\/media\/49515"}],"wp:attachment":[{"href":"https:\/\/imprimeideas.es\/en\/wp-json\/wp\/v2\/media?parent=49118"}],"wp:term":[{"taxonomy":"product_brand","embeddable":true,"href":"https:\/\/imprimeideas.es\/en\/wp-json\/wp\/v2\/product_brand?post=49118"},{"taxonomy":"product_cat","embeddable":true,"href":"https:\/\/imprimeideas.es\/en\/wp-json\/wp\/v2\/product_cat?post=49118"},{"taxonomy":"product_tag","embeddable":true,"href":"https:\/\/imprimeideas.es\/en\/wp-json\/wp\/v2\/product_tag?post=49118"}],"curies":[{"name":"wp","href":"https:\/\/api.w.org\/{rel}","templated":true}]}}