{"id":49112,"date":"2026-02-24T11:47:03","date_gmt":"2026-02-24T10:47:03","guid":{"rendered":"https:\/\/imprimeideas.es\/?post_type=product&p=49112"},"modified":"2026-02-26T18:19:38","modified_gmt":"2026-02-26T17:19:38","slug":"llavero-cuter-darson","status":"publish","type":"product","link":"https:\/\/imprimeideas.es\/en\/product\/llavero-cuter-darson\/","title":{"rendered":"Llavero C\u00fater Darson"},"content":{"rendered":"<p>Llavero c\u00fater en ABS reciclado (RABS) con hoja en acero inox. Con distintivo RABS impreso.El RABS es un pl\u00e1stico altamente reciclable de gran resistencia y con multitud de aplicaciones que lo convierten en una soluci\u00f3n eco-friendly.<\/p>","protected":false},"excerpt":{"rendered":"<p>Llavero c\u00fater en ABS reciclado (RABS) con hoja en acero inox. Con distintivo RABS impreso.El RABS es un pl\u00e1stico altamente<\/p>","protected":false},"featured_media":61008,"comment_status":"open","ping_status":"open","template":"","meta":{"inline_featured_image":false},"product_brand":[],"product_cat":[106],"product_tag":[],"class_list":{"0":"post-49112","1":"product","2":"type-product","3":"status-publish","4":"has-post-thumbnail","6":"product_cat-regalos-y-premiums","8":"first","9":"instock","10":"taxable","11":"shipping-taxable","12":"purchasable","13":"product-type-variable","14":"has-default-attributes"},"aioseo_notices":[],"_links":{"self":[{"href":"https:\/\/imprimeideas.es\/en\/wp-json\/wp\/v2\/product\/49112","targetHints":{"allow":["GET"]}}],"collection":[{"href":"https:\/\/imprimeideas.es\/en\/wp-json\/wp\/v2\/product"}],"about":[{"href":"https:\/\/imprimeideas.es\/en\/wp-json\/wp\/v2\/types\/product"}],"replies":[{"embeddable":true,"href":"https:\/\/imprimeideas.es\/en\/wp-json\/wp\/v2\/comments?post=49112"}],"version-history":[{"count":1,"href":"https:\/\/imprimeideas.es\/en\/wp-json\/wp\/v2\/product\/49112\/revisions"}],"predecessor-version":[{"id":57919,"href":"https:\/\/imprimeideas.es\/en\/wp-json\/wp\/v2\/product\/49112\/revisions\/57919"}],"wp:featuredmedia":[{"embeddable":true,"href":"https:\/\/imprimeideas.es\/en\/wp-json\/wp\/v2\/media\/61008"}],"wp:attachment":[{"href":"https:\/\/imprimeideas.es\/en\/wp-json\/wp\/v2\/media?parent=49112"}],"wp:term":[{"taxonomy":"product_brand","embeddable":true,"href":"https:\/\/imprimeideas.es\/en\/wp-json\/wp\/v2\/product_brand?post=49112"},{"taxonomy":"product_cat","embeddable":true,"href":"https:\/\/imprimeideas.es\/en\/wp-json\/wp\/v2\/product_cat?post=49112"},{"taxonomy":"product_tag","embeddable":true,"href":"https:\/\/imprimeideas.es\/en\/wp-json\/wp\/v2\/product_tag?post=49112"}],"curies":[{"name":"wp","href":"https:\/\/api.w.org\/{rel}","templated":true}]}}