{"id":49106,"date":"2026-02-24T11:47:02","date_gmt":"2026-02-24T10:47:02","guid":{"rendered":"https:\/\/imprimeideas.es\/?post_type=product&p=49106"},"modified":"2026-02-26T18:33:04","modified_gmt":"2026-02-26T17:33:04","slug":"flexometro-burkex-3m","status":"publish","type":"product","link":"https:\/\/imprimeideas.es\/en\/product\/flexometro-burkex-3m\/","title":{"rendered":"Flex\u00f3metro Burkex 3m"},"content":{"rendered":"<p>Flex\u00f3metro fabricado con RABS de 3 metros con cuchilla met\u00e1lica y mecanismo de bloqueo. Recubierto con funda protectora de resistente goma, clip met\u00e1lico para cintur\u00f3n y cinta de transporte. Con logotipo de RABS en la parte trasera. El RABS es un pl\u00e1stico altamente reciclable de gran resistencia y con multitud de aplicaciones que lo convierten en una soluci\u00f3n eco-friendly.<\/p>","protected":false},"excerpt":{"rendered":"<p>Con Freno y Clip Incluido<\/p>","protected":false},"featured_media":75118,"comment_status":"open","ping_status":"open","template":"","meta":{"inline_featured_image":false},"product_brand":[],"product_cat":[110],"product_tag":[],"class_list":{"0":"post-49106","1":"product","2":"type-product","3":"status-publish","4":"has-post-thumbnail","6":"product_cat-herramientas-brico-y-automovil","8":"first","9":"instock","10":"taxable","11":"shipping-taxable","12":"purchasable","13":"product-type-variable","14":"has-default-attributes"},"aioseo_notices":[],"_links":{"self":[{"href":"https:\/\/imprimeideas.es\/en\/wp-json\/wp\/v2\/product\/49106","targetHints":{"allow":["GET"]}}],"collection":[{"href":"https:\/\/imprimeideas.es\/en\/wp-json\/wp\/v2\/product"}],"about":[{"href":"https:\/\/imprimeideas.es\/en\/wp-json\/wp\/v2\/types\/product"}],"replies":[{"embeddable":true,"href":"https:\/\/imprimeideas.es\/en\/wp-json\/wp\/v2\/comments?post=49106"}],"version-history":[{"count":1,"href":"https:\/\/imprimeideas.es\/en\/wp-json\/wp\/v2\/product\/49106\/revisions"}],"predecessor-version":[{"id":57918,"href":"https:\/\/imprimeideas.es\/en\/wp-json\/wp\/v2\/product\/49106\/revisions\/57918"}],"wp:featuredmedia":[{"embeddable":true,"href":"https:\/\/imprimeideas.es\/en\/wp-json\/wp\/v2\/media\/75118"}],"wp:attachment":[{"href":"https:\/\/imprimeideas.es\/en\/wp-json\/wp\/v2\/media?parent=49106"}],"wp:term":[{"taxonomy":"product_brand","embeddable":true,"href":"https:\/\/imprimeideas.es\/en\/wp-json\/wp\/v2\/product_brand?post=49106"},{"taxonomy":"product_cat","embeddable":true,"href":"https:\/\/imprimeideas.es\/en\/wp-json\/wp\/v2\/product_cat?post=49106"},{"taxonomy":"product_tag","embeddable":true,"href":"https:\/\/imprimeideas.es\/en\/wp-json\/wp\/v2\/product_tag?post=49106"}],"curies":[{"name":"wp","href":"https:\/\/api.w.org\/{rel}","templated":true}]}}