{"id":49100,"date":"2026-02-24T11:46:47","date_gmt":"2026-02-24T10:46:47","guid":{"rendered":"https:\/\/imprimeideas.es\/?post_type=product&p=49100"},"modified":"2026-02-26T18:08:06","modified_gmt":"2026-02-26T17:08:06","slug":"linterna-afrik","status":"publish","type":"product","link":"https:\/\/imprimeideas.es\/en\/product\/linterna-afrik\/","title":{"rendered":"Linterna Afrik"},"content":{"rendered":"<p>Linterna de 3 LEDs con resistente cuerpo en ABS, con pulsador en el frontal y pr\u00e1cticos imanes en la parte trasera. Alimentaci\u00f3n a pilas de bot\u00f3n incluidas.<\/p>","protected":false},"excerpt":{"rendered":"<p>3 Ledes. Magn\u00e9tico. Pilas Bot\u00f3n Incluidas<\/p>","protected":false},"featured_media":74462,"comment_status":"open","ping_status":"open","template":"","meta":{"inline_featured_image":false},"product_brand":[],"product_cat":[110],"product_tag":[],"class_list":{"0":"post-49100","1":"product","2":"type-product","3":"status-publish","4":"has-post-thumbnail","6":"product_cat-herramientas-brico-y-automovil","8":"first","9":"outofstock","10":"taxable","11":"shipping-taxable","12":"purchasable","13":"product-type-variable","14":"has-default-attributes"},"aioseo_notices":[],"_links":{"self":[{"href":"https:\/\/imprimeideas.es\/en\/wp-json\/wp\/v2\/product\/49100","targetHints":{"allow":["GET"]}}],"collection":[{"href":"https:\/\/imprimeideas.es\/en\/wp-json\/wp\/v2\/product"}],"about":[{"href":"https:\/\/imprimeideas.es\/en\/wp-json\/wp\/v2\/types\/product"}],"replies":[{"embeddable":true,"href":"https:\/\/imprimeideas.es\/en\/wp-json\/wp\/v2\/comments?post=49100"}],"version-history":[{"count":1,"href":"https:\/\/imprimeideas.es\/en\/wp-json\/wp\/v2\/product\/49100\/revisions"}],"predecessor-version":[{"id":57915,"href":"https:\/\/imprimeideas.es\/en\/wp-json\/wp\/v2\/product\/49100\/revisions\/57915"}],"wp:featuredmedia":[{"embeddable":true,"href":"https:\/\/imprimeideas.es\/en\/wp-json\/wp\/v2\/media\/74462"}],"wp:attachment":[{"href":"https:\/\/imprimeideas.es\/en\/wp-json\/wp\/v2\/media?parent=49100"}],"wp:term":[{"taxonomy":"product_brand","embeddable":true,"href":"https:\/\/imprimeideas.es\/en\/wp-json\/wp\/v2\/product_brand?post=49100"},{"taxonomy":"product_cat","embeddable":true,"href":"https:\/\/imprimeideas.es\/en\/wp-json\/wp\/v2\/product_cat?post=49100"},{"taxonomy":"product_tag","embeddable":true,"href":"https:\/\/imprimeideas.es\/en\/wp-json\/wp\/v2\/product_tag?post=49100"}],"curies":[{"name":"wp","href":"https:\/\/api.w.org\/{rel}","templated":true}]}}