{"id":49092,"date":"2026-02-24T11:46:46","date_gmt":"2026-02-24T10:46:46","guid":{"rendered":"https:\/\/imprimeideas.es\/?post_type=product&p=49092"},"modified":"2026-02-26T18:13:41","modified_gmt":"2026-02-26T17:13:41","slug":"cuter-valtor","status":"publish","type":"product","link":"https:\/\/imprimeideas.es\/en\/product\/cuter-valtor\/","title":{"rendered":"C\u00fater Valtor"},"content":{"rendered":"<p>C\u00fater en PS de acabado transl\u00facido. Con un mecanismo pulsador de retracci\u00f3n autom\u00e1tica y una hoja de acero de 6 x 1,9 cm, sin sistema de bloqueo (stopper).<\/p>","protected":false},"excerpt":{"rendered":"<p>C\u00fater en PS de acabado transl\u00facido. Con un mecanismo pulsador de retracci\u00f3n autom\u00e1tica y una hoja de acero de 6<\/p>","protected":false},"featured_media":49379,"comment_status":"open","ping_status":"open","template":"","meta":{"inline_featured_image":false},"product_brand":[],"product_cat":[110],"product_tag":[],"class_list":{"0":"post-49092","1":"product","2":"type-product","3":"status-publish","4":"has-post-thumbnail","6":"product_cat-herramientas-brico-y-automovil","8":"first","9":"instock","10":"taxable","11":"shipping-taxable","12":"purchasable","13":"product-type-variable","14":"has-default-attributes"},"aioseo_notices":[],"_links":{"self":[{"href":"https:\/\/imprimeideas.es\/en\/wp-json\/wp\/v2\/product\/49092","targetHints":{"allow":["GET"]}}],"collection":[{"href":"https:\/\/imprimeideas.es\/en\/wp-json\/wp\/v2\/product"}],"about":[{"href":"https:\/\/imprimeideas.es\/en\/wp-json\/wp\/v2\/types\/product"}],"replies":[{"embeddable":true,"href":"https:\/\/imprimeideas.es\/en\/wp-json\/wp\/v2\/comments?post=49092"}],"version-history":[{"count":1,"href":"https:\/\/imprimeideas.es\/en\/wp-json\/wp\/v2\/product\/49092\/revisions"}],"predecessor-version":[{"id":57913,"href":"https:\/\/imprimeideas.es\/en\/wp-json\/wp\/v2\/product\/49092\/revisions\/57913"}],"wp:featuredmedia":[{"embeddable":true,"href":"https:\/\/imprimeideas.es\/en\/wp-json\/wp\/v2\/media\/49379"}],"wp:attachment":[{"href":"https:\/\/imprimeideas.es\/en\/wp-json\/wp\/v2\/media?parent=49092"}],"wp:term":[{"taxonomy":"product_brand","embeddable":true,"href":"https:\/\/imprimeideas.es\/en\/wp-json\/wp\/v2\/product_brand?post=49092"},{"taxonomy":"product_cat","embeddable":true,"href":"https:\/\/imprimeideas.es\/en\/wp-json\/wp\/v2\/product_cat?post=49092"},{"taxonomy":"product_tag","embeddable":true,"href":"https:\/\/imprimeideas.es\/en\/wp-json\/wp\/v2\/product_tag?post=49092"}],"curies":[{"name":"wp","href":"https:\/\/api.w.org\/{rel}","templated":true}]}}