{"id":49077,"date":"2026-02-24T11:46:44","date_gmt":"2026-02-24T10:46:44","guid":{"rendered":"https:\/\/imprimeideas.es\/?post_type=product&p=49077"},"modified":"2026-02-26T18:13:54","modified_gmt":"2026-02-26T17:13:54","slug":"bloc-notas-tamar","status":"publish","type":"product","link":"https:\/\/imprimeideas.es\/en\/product\/bloc-notas-tamar\/","title":{"rendered":"Bloc Notas Tamar"},"content":{"rendered":"<p>Bloc de notas en cart\u00f3n de leche reciclado con notas adhesivas. Incluye:- Bol\u00edgrafo a juego incluido, de tinta azul.- Soporte para el bol\u00edgrafo integrado.- Bloc con 50 hojas color blanco.- Notas adhesivas medianas y  mini notas adhesivas en variados colores. Incluye distintivo Recycled Milk Carton. Los Cartones de Ceche se componen en su mayor parte de cart\u00f3n y aluminio. Durante su proceso de reciclado, se separan los distintos materiales del envase para su reutilizaci\u00f3n y nuevo uso, contribuyendo as\u00ed a recorrer el camino infinito de la econom\u00eda circular. Este material se caracteriza por su alto grado de reciclabilidad, as\u00ed como por su ligereza y resistencia.<\/p>","protected":false},"excerpt":{"rendered":"<p>50 Hojas. 50 Notas Adhesivas 6,4 x 8,2 cm. 250 Mininotas Adhesivas 1,5 x 6,4 cm. Bol\u00edgrafo Cartones de Leche Reciclados Incluido<\/p>","protected":false},"featured_media":77350,"comment_status":"open","ping_status":"open","template":"","meta":{"inline_featured_image":false},"product_brand":[],"product_cat":[96],"product_tag":[],"class_list":{"0":"post-49077","1":"product","2":"type-product","3":"status-publish","4":"has-post-thumbnail","6":"product_cat-oficina-y-negocios","8":"first","9":"instock","10":"taxable","11":"shipping-taxable","12":"purchasable","13":"product-type-variable","14":"has-default-attributes"},"aioseo_notices":[],"_links":{"self":[{"href":"https:\/\/imprimeideas.es\/en\/wp-json\/wp\/v2\/product\/49077","targetHints":{"allow":["GET"]}}],"collection":[{"href":"https:\/\/imprimeideas.es\/en\/wp-json\/wp\/v2\/product"}],"about":[{"href":"https:\/\/imprimeideas.es\/en\/wp-json\/wp\/v2\/types\/product"}],"replies":[{"embeddable":true,"href":"https:\/\/imprimeideas.es\/en\/wp-json\/wp\/v2\/comments?post=49077"}],"version-history":[{"count":1,"href":"https:\/\/imprimeideas.es\/en\/wp-json\/wp\/v2\/product\/49077\/revisions"}],"predecessor-version":[{"id":57906,"href":"https:\/\/imprimeideas.es\/en\/wp-json\/wp\/v2\/product\/49077\/revisions\/57906"}],"wp:featuredmedia":[{"embeddable":true,"href":"https:\/\/imprimeideas.es\/en\/wp-json\/wp\/v2\/media\/77350"}],"wp:attachment":[{"href":"https:\/\/imprimeideas.es\/en\/wp-json\/wp\/v2\/media?parent=49077"}],"wp:term":[{"taxonomy":"product_brand","embeddable":true,"href":"https:\/\/imprimeideas.es\/en\/wp-json\/wp\/v2\/product_brand?post=49077"},{"taxonomy":"product_cat","embeddable":true,"href":"https:\/\/imprimeideas.es\/en\/wp-json\/wp\/v2\/product_cat?post=49077"},{"taxonomy":"product_tag","embeddable":true,"href":"https:\/\/imprimeideas.es\/en\/wp-json\/wp\/v2\/product_tag?post=49077"}],"curies":[{"name":"wp","href":"https:\/\/api.w.org\/{rel}","templated":true}]}}