{"id":49075,"date":"2026-02-24T11:46:44","date_gmt":"2026-02-24T10:46:44","guid":{"rendered":"https:\/\/imprimeideas.es\/?post_type=product&p=49075"},"modified":"2026-02-26T18:28:08","modified_gmt":"2026-02-26T17:28:08","slug":"bloc-notas-feron","status":"publish","type":"product","link":"https:\/\/imprimeideas.es\/en\/product\/bloc-notas-feron\/","title":{"rendered":"Bloc Notas Feron"},"content":{"rendered":"<p>Bloc de notas de corcho con notas adhesivas. Incluye: 50 notas adhesivas tama\u00f1o grande, 25 notas adhesivas tama\u00f1o mediano y 125 mininotas adhesivas en variados colores.Elaborado con elementos vegetales para as\u00ed fomentar la utilizaci\u00f3n de materias primas naturales y reducir las emisiones contaminantes.<\/p>","protected":false},"excerpt":{"rendered":"<p>50 Notas Adhesivas 7,5 x 10 cm. 25 Notas Adhesivas 5 x 7,5 cm. 125 Mininotas Adhesivas 1,2 x 4,5 cm<\/p>","protected":false},"featured_media":77812,"comment_status":"open","ping_status":"open","template":"","meta":{"inline_featured_image":false},"product_brand":[],"product_cat":[96],"product_tag":[],"class_list":{"0":"post-49075","1":"product","2":"type-product","3":"status-publish","4":"has-post-thumbnail","6":"product_cat-oficina-y-negocios","8":"first","9":"instock","10":"taxable","11":"shipping-taxable","12":"purchasable","13":"product-type-variable","14":"has-default-attributes"},"aioseo_notices":[],"_links":{"self":[{"href":"https:\/\/imprimeideas.es\/en\/wp-json\/wp\/v2\/product\/49075","targetHints":{"allow":["GET"]}}],"collection":[{"href":"https:\/\/imprimeideas.es\/en\/wp-json\/wp\/v2\/product"}],"about":[{"href":"https:\/\/imprimeideas.es\/en\/wp-json\/wp\/v2\/types\/product"}],"replies":[{"embeddable":true,"href":"https:\/\/imprimeideas.es\/en\/wp-json\/wp\/v2\/comments?post=49075"}],"version-history":[{"count":1,"href":"https:\/\/imprimeideas.es\/en\/wp-json\/wp\/v2\/product\/49075\/revisions"}],"predecessor-version":[{"id":57905,"href":"https:\/\/imprimeideas.es\/en\/wp-json\/wp\/v2\/product\/49075\/revisions\/57905"}],"wp:featuredmedia":[{"embeddable":true,"href":"https:\/\/imprimeideas.es\/en\/wp-json\/wp\/v2\/media\/77812"}],"wp:attachment":[{"href":"https:\/\/imprimeideas.es\/en\/wp-json\/wp\/v2\/media?parent=49075"}],"wp:term":[{"taxonomy":"product_brand","embeddable":true,"href":"https:\/\/imprimeideas.es\/en\/wp-json\/wp\/v2\/product_brand?post=49075"},{"taxonomy":"product_cat","embeddable":true,"href":"https:\/\/imprimeideas.es\/en\/wp-json\/wp\/v2\/product_cat?post=49075"},{"taxonomy":"product_tag","embeddable":true,"href":"https:\/\/imprimeideas.es\/en\/wp-json\/wp\/v2\/product_tag?post=49075"}],"curies":[{"name":"wp","href":"https:\/\/api.w.org\/{rel}","templated":true}]}}