{"id":49063,"date":"2026-02-24T11:46:42","date_gmt":"2026-02-24T10:46:42","guid":{"rendered":"https:\/\/imprimeideas.es\/?post_type=product&p=49063"},"modified":"2026-02-26T18:13:51","modified_gmt":"2026-02-26T17:13:51","slug":"bloc-notas-nuron","status":"publish","type":"product","link":"https:\/\/imprimeideas.es\/en\/product\/bloc-notas-nuron\/","title":{"rendered":"Bloc Notas Nuron"},"content":{"rendered":"<p>Bloc de notas con bol\u00edgrafo en RPET. Incluye 80 p\u00e1ginas de color crema a rayas, marcap\u00e1ginas y el\u00e1stico portabol\u00edgrafos a juego. Cuenta con bol\u00edgrafo con mecanismo pulsador y tinta azul. Incluye distintivo RPET.El material RPET se elabora a partir de pl\u00e1stico reciclado, para as\u00ed fomentar la reutilizaci\u00f3n de residuos pl\u00e1sticos y ayudar a la sostenibilidad del planeta.<\/p>","protected":false},"excerpt":{"rendered":"<p>Portada R\u00edgida. 80 Hojas. Bol\u00edgrafo Incluido<\/p>","protected":false},"featured_media":80059,"comment_status":"open","ping_status":"open","template":"","meta":{"inline_featured_image":false},"product_brand":[],"product_cat":[96],"product_tag":[],"class_list":{"0":"post-49063","1":"product","2":"type-product","3":"status-publish","4":"has-post-thumbnail","6":"product_cat-oficina-y-negocios","8":"first","9":"instock","10":"taxable","11":"shipping-taxable","12":"purchasable","13":"product-type-variable","14":"has-default-attributes"},"aioseo_notices":[],"_links":{"self":[{"href":"https:\/\/imprimeideas.es\/en\/wp-json\/wp\/v2\/product\/49063","targetHints":{"allow":["GET"]}}],"collection":[{"href":"https:\/\/imprimeideas.es\/en\/wp-json\/wp\/v2\/product"}],"about":[{"href":"https:\/\/imprimeideas.es\/en\/wp-json\/wp\/v2\/types\/product"}],"replies":[{"embeddable":true,"href":"https:\/\/imprimeideas.es\/en\/wp-json\/wp\/v2\/comments?post=49063"}],"version-history":[{"count":1,"href":"https:\/\/imprimeideas.es\/en\/wp-json\/wp\/v2\/product\/49063\/revisions"}],"predecessor-version":[{"id":57901,"href":"https:\/\/imprimeideas.es\/en\/wp-json\/wp\/v2\/product\/49063\/revisions\/57901"}],"wp:featuredmedia":[{"embeddable":true,"href":"https:\/\/imprimeideas.es\/en\/wp-json\/wp\/v2\/media\/80059"}],"wp:attachment":[{"href":"https:\/\/imprimeideas.es\/en\/wp-json\/wp\/v2\/media?parent=49063"}],"wp:term":[{"taxonomy":"product_brand","embeddable":true,"href":"https:\/\/imprimeideas.es\/en\/wp-json\/wp\/v2\/product_brand?post=49063"},{"taxonomy":"product_cat","embeddable":true,"href":"https:\/\/imprimeideas.es\/en\/wp-json\/wp\/v2\/product_cat?post=49063"},{"taxonomy":"product_tag","embeddable":true,"href":"https:\/\/imprimeideas.es\/en\/wp-json\/wp\/v2\/product_tag?post=49063"}],"curies":[{"name":"wp","href":"https:\/\/api.w.org\/{rel}","templated":true}]}}