{"id":49041,"date":"2026-02-24T11:46:39","date_gmt":"2026-02-24T10:46:39","guid":{"rendered":"https:\/\/imprimeideas.es\/?post_type=product&p=49041"},"modified":"2026-02-26T18:23:28","modified_gmt":"2026-02-26T17:23:28","slug":"rinonera-bandolera-koban","status":"publish","type":"product","link":"https:\/\/imprimeideas.es\/en\/product\/rinonera-bandolera-koban\/","title":{"rendered":"Ri\u00f1onera Bandolera Koban"},"content":{"rendered":"<p>Ri\u00f1onera rectangular en algod\u00f3n reciclado. Con bolsillo central cierre de cremallera, doble tirador y cinta ajustable con cierre de hebilla a juego. Adem\u00e1s, incluye bolsillo en la parte posterior. Con distintivo de algod\u00f3n reciclado.<\/p>","protected":false},"excerpt":{"rendered":"<p>Ri\u00f1onera rectangular en algod\u00f3n reciclado. Con bolsillo central cierre de cremallera, doble tirador y cinta ajustable con cierre de hebilla<\/p>","protected":false},"featured_media":76604,"comment_status":"open","ping_status":"open","template":"","meta":{"inline_featured_image":false},"product_brand":[],"product_cat":[94],"product_tag":[],"class_list":{"0":"post-49041","1":"product","2":"type-product","3":"status-publish","4":"has-post-thumbnail","6":"product_cat-mochilas","8":"first","9":"instock","10":"taxable","11":"shipping-taxable","12":"purchasable","13":"product-type-variable","14":"has-default-attributes"},"aioseo_notices":[],"_links":{"self":[{"href":"https:\/\/imprimeideas.es\/en\/wp-json\/wp\/v2\/product\/49041","targetHints":{"allow":["GET"]}}],"collection":[{"href":"https:\/\/imprimeideas.es\/en\/wp-json\/wp\/v2\/product"}],"about":[{"href":"https:\/\/imprimeideas.es\/en\/wp-json\/wp\/v2\/types\/product"}],"replies":[{"embeddable":true,"href":"https:\/\/imprimeideas.es\/en\/wp-json\/wp\/v2\/comments?post=49041"}],"version-history":[{"count":1,"href":"https:\/\/imprimeideas.es\/en\/wp-json\/wp\/v2\/product\/49041\/revisions"}],"predecessor-version":[{"id":57896,"href":"https:\/\/imprimeideas.es\/en\/wp-json\/wp\/v2\/product\/49041\/revisions\/57896"}],"wp:featuredmedia":[{"embeddable":true,"href":"https:\/\/imprimeideas.es\/en\/wp-json\/wp\/v2\/media\/76604"}],"wp:attachment":[{"href":"https:\/\/imprimeideas.es\/en\/wp-json\/wp\/v2\/media?parent=49041"}],"wp:term":[{"taxonomy":"product_brand","embeddable":true,"href":"https:\/\/imprimeideas.es\/en\/wp-json\/wp\/v2\/product_brand?post=49041"},{"taxonomy":"product_cat","embeddable":true,"href":"https:\/\/imprimeideas.es\/en\/wp-json\/wp\/v2\/product_cat?post=49041"},{"taxonomy":"product_tag","embeddable":true,"href":"https:\/\/imprimeideas.es\/en\/wp-json\/wp\/v2\/product_tag?post=49041"}],"curies":[{"name":"wp","href":"https:\/\/api.w.org\/{rel}","templated":true}]}}