{"id":49021,"date":"2026-02-24T11:46:37","date_gmt":"2026-02-24T10:46:37","guid":{"rendered":"https:\/\/imprimeideas.es\/?post_type=product&p=49021"},"modified":"2026-02-26T18:23:23","modified_gmt":"2026-02-26T17:23:23","slug":"bandolera-palan","status":"publish","type":"product","link":"https:\/\/imprimeideas.es\/en\/product\/bandolera-palan\/","title":{"rendered":"Bandolera Palan"},"content":{"rendered":"<p>Bandolera en resistente poli\u00e9ster RPET 600D. Con sistema de cierre de cremallera con doble tirador. Cuenta con un espacioso bolsillo principal y un pr\u00e1ctico bolsillo frontal con cremallera. Incluye una cinta de transporte ajustable, con diferentes opciones de uso, proporcionando versatilidad y comodidad en cualquier ocasi\u00f3n.El material RPET se elabora a partir de pl\u00e1stico reciclado, para as\u00ed fomentar la reutilizaci\u00f3n de residuos pl\u00e1sticos y ayudar a la sostenibilidad del planeta.<\/p>","protected":false},"excerpt":{"rendered":"<p>Bandolera en resistente poli\u00e9ster RPET 600D. Con sistema de cierre de cremallera con doble tirador. Cuenta con un espacioso bolsillo<\/p>","protected":false},"featured_media":76136,"comment_status":"open","ping_status":"open","template":"","meta":{"inline_featured_image":false},"product_brand":[],"product_cat":[94],"product_tag":[],"class_list":{"0":"post-49021","1":"product","2":"type-product","3":"status-publish","4":"has-post-thumbnail","6":"product_cat-mochilas","8":"first","9":"instock","10":"taxable","11":"shipping-taxable","12":"purchasable","13":"product-type-variable","14":"has-default-attributes"},"aioseo_notices":[],"_links":{"self":[{"href":"https:\/\/imprimeideas.es\/en\/wp-json\/wp\/v2\/product\/49021","targetHints":{"allow":["GET"]}}],"collection":[{"href":"https:\/\/imprimeideas.es\/en\/wp-json\/wp\/v2\/product"}],"about":[{"href":"https:\/\/imprimeideas.es\/en\/wp-json\/wp\/v2\/types\/product"}],"replies":[{"embeddable":true,"href":"https:\/\/imprimeideas.es\/en\/wp-json\/wp\/v2\/comments?post=49021"}],"version-history":[{"count":1,"href":"https:\/\/imprimeideas.es\/en\/wp-json\/wp\/v2\/product\/49021\/revisions"}],"predecessor-version":[{"id":57890,"href":"https:\/\/imprimeideas.es\/en\/wp-json\/wp\/v2\/product\/49021\/revisions\/57890"}],"wp:featuredmedia":[{"embeddable":true,"href":"https:\/\/imprimeideas.es\/en\/wp-json\/wp\/v2\/media\/76136"}],"wp:attachment":[{"href":"https:\/\/imprimeideas.es\/en\/wp-json\/wp\/v2\/media?parent=49021"}],"wp:term":[{"taxonomy":"product_brand","embeddable":true,"href":"https:\/\/imprimeideas.es\/en\/wp-json\/wp\/v2\/product_brand?post=49021"},{"taxonomy":"product_cat","embeddable":true,"href":"https:\/\/imprimeideas.es\/en\/wp-json\/wp\/v2\/product_cat?post=49021"},{"taxonomy":"product_tag","embeddable":true,"href":"https:\/\/imprimeideas.es\/en\/wp-json\/wp\/v2\/product_tag?post=49021"}],"curies":[{"name":"wp","href":"https:\/\/api.w.org\/{rel}","templated":true}]}}