{"id":49008,"date":"2026-02-24T11:46:35","date_gmt":"2026-02-24T10:46:35","guid":{"rendered":"https:\/\/imprimeideas.es\/?post_type=product&p=49008"},"modified":"2026-02-26T18:23:11","modified_gmt":"2026-02-26T17:23:11","slug":"bolso-plegable-pesk","status":"publish","type":"product","link":"https:\/\/imprimeideas.es\/en\/product\/bolso-plegable-pesk\/","title":{"rendered":"Bolso Plegable Pesk"},"content":{"rendered":"<p>Bolso plegable fabricado en 290T RPET. Con cierre de cremallera y accesorios en colores gris y negro. Incluye mosquet\u00f3n para un f\u00e1cil transporte. Incluye etiqueta RPET.El material RPET se elabora a partir de pl\u00e1stico reciclado, para as\u00ed fomentar la reutilizaci\u00f3n de residuos pl\u00e1sticos y ayudar a la sostenibilidad del planeta.<\/p>","protected":false},"excerpt":{"rendered":"<p>Bolso plegable fabricado en 290T RPET. Con cierre de cremallera y accesorios en colores gris y negro. Incluye mosquet\u00f3n para<\/p>","protected":false},"featured_media":84207,"comment_status":"open","ping_status":"open","template":"","meta":{"inline_featured_image":false},"product_brand":[],"product_cat":[94],"product_tag":[],"class_list":{"0":"post-49008","1":"product","2":"type-product","3":"status-publish","4":"has-post-thumbnail","6":"product_cat-mochilas","8":"first","9":"instock","10":"taxable","11":"shipping-taxable","12":"purchasable","13":"product-type-variable","14":"has-default-attributes"},"aioseo_notices":[],"_links":{"self":[{"href":"https:\/\/imprimeideas.es\/en\/wp-json\/wp\/v2\/product\/49008","targetHints":{"allow":["GET"]}}],"collection":[{"href":"https:\/\/imprimeideas.es\/en\/wp-json\/wp\/v2\/product"}],"about":[{"href":"https:\/\/imprimeideas.es\/en\/wp-json\/wp\/v2\/types\/product"}],"replies":[{"embeddable":true,"href":"https:\/\/imprimeideas.es\/en\/wp-json\/wp\/v2\/comments?post=49008"}],"version-history":[{"count":1,"href":"https:\/\/imprimeideas.es\/en\/wp-json\/wp\/v2\/product\/49008\/revisions"}],"predecessor-version":[{"id":57887,"href":"https:\/\/imprimeideas.es\/en\/wp-json\/wp\/v2\/product\/49008\/revisions\/57887"}],"wp:featuredmedia":[{"embeddable":true,"href":"https:\/\/imprimeideas.es\/en\/wp-json\/wp\/v2\/media\/84207"}],"wp:attachment":[{"href":"https:\/\/imprimeideas.es\/en\/wp-json\/wp\/v2\/media?parent=49008"}],"wp:term":[{"taxonomy":"product_brand","embeddable":true,"href":"https:\/\/imprimeideas.es\/en\/wp-json\/wp\/v2\/product_brand?post=49008"},{"taxonomy":"product_cat","embeddable":true,"href":"https:\/\/imprimeideas.es\/en\/wp-json\/wp\/v2\/product_cat?post=49008"},{"taxonomy":"product_tag","embeddable":true,"href":"https:\/\/imprimeideas.es\/en\/wp-json\/wp\/v2\/product_tag?post=49008"}],"curies":[{"name":"wp","href":"https:\/\/api.w.org\/{rel}","templated":true}]}}