{"id":49005,"date":"2026-02-24T11:46:35","date_gmt":"2026-02-24T10:46:35","guid":{"rendered":"https:\/\/imprimeideas.es\/?post_type=product&p=49005"},"modified":"2026-02-26T18:37:33","modified_gmt":"2026-02-26T17:37:33","slug":"bolso-yusof","status":"publish","type":"product","link":"https:\/\/imprimeideas.es\/en\/product\/bolso-yusof\/","title":{"rendered":"Bolso Yusof"},"content":{"rendered":"<p>Bolso de fieltro RPET. Con compartimento principal con cierre de cremallera a juego y base en color negro y bolsillo exterior de cremallera. Incluye anchas asas de color negro , cinta bandolera ajustable a juego y distintivo RPET.El fieltro RPET es fruto de la combinaci\u00f3n del proceso de reciclaje de materiales pl\u00e1sticos junto con la t\u00e9cnica milenaria de fabricaci\u00f3n del fieltro, dando como resultado un material de eco-tendencia que, adem\u00e1s de ser de origen reciclado, tambi\u00e9n se convierte en reciclable.<\/p>","protected":false},"excerpt":{"rendered":"<p>Bolso de fieltro RPET. Con compartimento principal con cierre de cremallera a juego y base en color negro y bolsillo<\/p>","protected":false},"featured_media":69002,"comment_status":"open","ping_status":"open","template":"","meta":{"inline_featured_image":false},"product_brand":[],"product_cat":[94],"product_tag":[],"class_list":{"0":"post-49005","1":"product","2":"type-product","3":"status-publish","4":"has-post-thumbnail","6":"product_cat-mochilas","8":"first","9":"instock","10":"taxable","11":"shipping-taxable","12":"purchasable","13":"product-type-variable","14":"has-default-attributes"},"aioseo_notices":[],"_links":{"self":[{"href":"https:\/\/imprimeideas.es\/en\/wp-json\/wp\/v2\/product\/49005","targetHints":{"allow":["GET"]}}],"collection":[{"href":"https:\/\/imprimeideas.es\/en\/wp-json\/wp\/v2\/product"}],"about":[{"href":"https:\/\/imprimeideas.es\/en\/wp-json\/wp\/v2\/types\/product"}],"replies":[{"embeddable":true,"href":"https:\/\/imprimeideas.es\/en\/wp-json\/wp\/v2\/comments?post=49005"}],"version-history":[{"count":1,"href":"https:\/\/imprimeideas.es\/en\/wp-json\/wp\/v2\/product\/49005\/revisions"}],"predecessor-version":[{"id":57886,"href":"https:\/\/imprimeideas.es\/en\/wp-json\/wp\/v2\/product\/49005\/revisions\/57886"}],"wp:featuredmedia":[{"embeddable":true,"href":"https:\/\/imprimeideas.es\/en\/wp-json\/wp\/v2\/media\/69002"}],"wp:attachment":[{"href":"https:\/\/imprimeideas.es\/en\/wp-json\/wp\/v2\/media?parent=49005"}],"wp:term":[{"taxonomy":"product_brand","embeddable":true,"href":"https:\/\/imprimeideas.es\/en\/wp-json\/wp\/v2\/product_brand?post=49005"},{"taxonomy":"product_cat","embeddable":true,"href":"https:\/\/imprimeideas.es\/en\/wp-json\/wp\/v2\/product_cat?post=49005"},{"taxonomy":"product_tag","embeddable":true,"href":"https:\/\/imprimeideas.es\/en\/wp-json\/wp\/v2\/product_tag?post=49005"}],"curies":[{"name":"wp","href":"https:\/\/api.w.org\/{rel}","templated":true}]}}