{"id":49001,"date":"2026-02-24T11:46:35","date_gmt":"2026-02-24T10:46:35","guid":{"rendered":"https:\/\/imprimeideas.es\/?post_type=product&p=49001"},"modified":"2026-02-26T18:37:27","modified_gmt":"2026-02-26T17:37:27","slug":"mochila-plegable-cladox","status":"publish","type":"product","link":"https:\/\/imprimeideas.es\/en\/product\/mochila-plegable-cladox\/","title":{"rendered":"Mochila Plegable Cladox"},"content":{"rendered":"<p>Mochila plegable de RPET. CFabricada empleando tejido con gran capacidad para reflejar intensamente la luz, gracias a millones de pigmentos reflectantes y bas\u00e1ndose en el principio de la retro-reflexi\u00f3n de la luz, una propiedad de visibilidad nocturna que consiste en la refracci\u00f3n de la luz hacia la fuente de origen de la misma. Con cierre de cremallera y bolsillo frontal. Cintas de hombros regulables en material transpirable. Plegado de peque\u00f1o tama\u00f1o, con cinta de transporte. Incluye distintivo RPET.El material RPET se elabora a partir de pl\u00e1stico reciclado, para as\u00ed fomentar la reutilizaci\u00f3n de residuos pl\u00e1sticos y ayudar a la sostenibilidad del planeta.<\/p>","protected":false},"excerpt":{"rendered":"<p>Mochila plegable de RPET. CFabricada empleando tejido con gran capacidad para reflejar intensamente la luz, gracias a millones de pigmentos<\/p>","protected":false},"featured_media":61036,"comment_status":"open","ping_status":"open","template":"","meta":{"inline_featured_image":false},"product_brand":[],"product_cat":[101,94],"product_tag":[],"class_list":{"0":"post-49001","1":"product","2":"type-product","3":"status-publish","4":"has-post-thumbnail","6":"product_cat-deporte-y-aventura","7":"product_cat-mochilas","9":"first","10":"instock","11":"taxable","12":"shipping-taxable","13":"purchasable","14":"product-type-variable","15":"has-default-attributes"},"aioseo_notices":[],"_links":{"self":[{"href":"https:\/\/imprimeideas.es\/en\/wp-json\/wp\/v2\/product\/49001","targetHints":{"allow":["GET"]}}],"collection":[{"href":"https:\/\/imprimeideas.es\/en\/wp-json\/wp\/v2\/product"}],"about":[{"href":"https:\/\/imprimeideas.es\/en\/wp-json\/wp\/v2\/types\/product"}],"replies":[{"embeddable":true,"href":"https:\/\/imprimeideas.es\/en\/wp-json\/wp\/v2\/comments?post=49001"}],"version-history":[{"count":1,"href":"https:\/\/imprimeideas.es\/en\/wp-json\/wp\/v2\/product\/49001\/revisions"}],"predecessor-version":[{"id":57884,"href":"https:\/\/imprimeideas.es\/en\/wp-json\/wp\/v2\/product\/49001\/revisions\/57884"}],"wp:featuredmedia":[{"embeddable":true,"href":"https:\/\/imprimeideas.es\/en\/wp-json\/wp\/v2\/media\/61036"}],"wp:attachment":[{"href":"https:\/\/imprimeideas.es\/en\/wp-json\/wp\/v2\/media?parent=49001"}],"wp:term":[{"taxonomy":"product_brand","embeddable":true,"href":"https:\/\/imprimeideas.es\/en\/wp-json\/wp\/v2\/product_brand?post=49001"},{"taxonomy":"product_cat","embeddable":true,"href":"https:\/\/imprimeideas.es\/en\/wp-json\/wp\/v2\/product_cat?post=49001"},{"taxonomy":"product_tag","embeddable":true,"href":"https:\/\/imprimeideas.es\/en\/wp-json\/wp\/v2\/product_tag?post=49001"}],"curies":[{"name":"wp","href":"https:\/\/api.w.org\/{rel}","templated":true}]}}