{"id":48974,"date":"2026-02-24T11:46:31","date_gmt":"2026-02-24T10:46:31","guid":{"rendered":"https:\/\/imprimeideas.es\/?post_type=product&p=48974"},"modified":"2026-02-26T18:23:29","modified_gmt":"2026-02-26T17:23:29","slug":"petate-mubar","status":"publish","type":"product","link":"https:\/\/imprimeideas.es\/en\/product\/petate-mubar\/","title":{"rendered":"Petate Mubar"},"content":{"rendered":"<p>Petate multiusos de gran capacidad en resistente poli\u00e9ster RPET 600D. Cierre superior de cuerda con accesorio de ajuste y argollas met\u00e1licas reforzadas. Cinta de hombros trasera 2 en 1 con cierre de cremallera para transporte en un solo hombro o en los dos. Con distintivo de RPET en etiqueta.El material RPET se elabora a partir de pl\u00e1stico reciclado, para as\u00ed fomentar la reutilizaci\u00f3n de residuos pl\u00e1sticos y ayudar a la sostenibilidad del planeta.<\/p>","protected":false},"excerpt":{"rendered":"<p>Cinta 2 en 1 con Cremallera<\/p>","protected":false},"featured_media":80438,"comment_status":"open","ping_status":"open","template":"","meta":{"inline_featured_image":false},"product_brand":[],"product_cat":[94],"product_tag":[],"class_list":{"0":"post-48974","1":"product","2":"type-product","3":"status-publish","4":"has-post-thumbnail","6":"product_cat-mochilas","8":"first","9":"instock","10":"taxable","11":"shipping-taxable","12":"purchasable","13":"product-type-variable","14":"has-default-attributes"},"aioseo_notices":[],"_links":{"self":[{"href":"https:\/\/imprimeideas.es\/en\/wp-json\/wp\/v2\/product\/48974","targetHints":{"allow":["GET"]}}],"collection":[{"href":"https:\/\/imprimeideas.es\/en\/wp-json\/wp\/v2\/product"}],"about":[{"href":"https:\/\/imprimeideas.es\/en\/wp-json\/wp\/v2\/types\/product"}],"replies":[{"embeddable":true,"href":"https:\/\/imprimeideas.es\/en\/wp-json\/wp\/v2\/comments?post=48974"}],"version-history":[{"count":1,"href":"https:\/\/imprimeideas.es\/en\/wp-json\/wp\/v2\/product\/48974\/revisions"}],"predecessor-version":[{"id":56346,"href":"https:\/\/imprimeideas.es\/en\/wp-json\/wp\/v2\/product\/48974\/revisions\/56346"}],"wp:featuredmedia":[{"embeddable":true,"href":"https:\/\/imprimeideas.es\/en\/wp-json\/wp\/v2\/media\/80438"}],"wp:attachment":[{"href":"https:\/\/imprimeideas.es\/en\/wp-json\/wp\/v2\/media?parent=48974"}],"wp:term":[{"taxonomy":"product_brand","embeddable":true,"href":"https:\/\/imprimeideas.es\/en\/wp-json\/wp\/v2\/product_brand?post=48974"},{"taxonomy":"product_cat","embeddable":true,"href":"https:\/\/imprimeideas.es\/en\/wp-json\/wp\/v2\/product_cat?post=48974"},{"taxonomy":"product_tag","embeddable":true,"href":"https:\/\/imprimeideas.es\/en\/wp-json\/wp\/v2\/product_tag?post=48974"}],"curies":[{"name":"wp","href":"https:\/\/api.w.org\/{rel}","templated":true}]}}