{"id":48970,"date":"2026-02-24T11:46:30","date_gmt":"2026-02-24T10:46:30","guid":{"rendered":"https:\/\/imprimeideas.es\/?post_type=product&p=48970"},"modified":"2026-02-26T18:08:09","modified_gmt":"2026-02-26T17:08:09","slug":"bolso-gleor","status":"publish","type":"product","link":"https:\/\/imprimeideas.es\/en\/product\/bolso-gleor\/","title":{"rendered":"Bolso Gleor"},"content":{"rendered":"<p>Bolso confeccionado en poli\u00e9ster RPET 600D. Presenta tres compartimentos funcionales: un compartimento principal de gran capacidad con cierre de cremallera, un bolsillo lateral con cierre de cremallera y un bolsillo en la base con cierre de doble cremallera ideal para el calzado. Incluye asa larga ajustable, asas de mano reforzadas con tachuelas met\u00e1licas y con elegantes detalles en plateado. El material RPET se elabora a partir de pl\u00e1stico reciclado, para as\u00ed fomentar la reutilizaci\u00f3n de residuos pl\u00e1sticos y ayudar a la sostenibilidad del planeta.<\/p>","protected":false},"excerpt":{"rendered":"<p>Compartimento Portazapatos<\/p>","protected":false},"featured_media":85439,"comment_status":"open","ping_status":"open","template":"","meta":{"inline_featured_image":false},"product_brand":[],"product_cat":[94],"product_tag":[],"class_list":{"0":"post-48970","1":"product","2":"type-product","3":"status-publish","4":"has-post-thumbnail","6":"product_cat-mochilas","8":"first","9":"instock","10":"taxable","11":"shipping-taxable","12":"purchasable","13":"product-type-variable","14":"has-default-attributes"},"aioseo_notices":[],"_links":{"self":[{"href":"https:\/\/imprimeideas.es\/en\/wp-json\/wp\/v2\/product\/48970","targetHints":{"allow":["GET"]}}],"collection":[{"href":"https:\/\/imprimeideas.es\/en\/wp-json\/wp\/v2\/product"}],"about":[{"href":"https:\/\/imprimeideas.es\/en\/wp-json\/wp\/v2\/types\/product"}],"replies":[{"embeddable":true,"href":"https:\/\/imprimeideas.es\/en\/wp-json\/wp\/v2\/comments?post=48970"}],"version-history":[{"count":1,"href":"https:\/\/imprimeideas.es\/en\/wp-json\/wp\/v2\/product\/48970\/revisions"}],"predecessor-version":[{"id":56345,"href":"https:\/\/imprimeideas.es\/en\/wp-json\/wp\/v2\/product\/48970\/revisions\/56345"}],"wp:featuredmedia":[{"embeddable":true,"href":"https:\/\/imprimeideas.es\/en\/wp-json\/wp\/v2\/media\/85439"}],"wp:attachment":[{"href":"https:\/\/imprimeideas.es\/en\/wp-json\/wp\/v2\/media?parent=48970"}],"wp:term":[{"taxonomy":"product_brand","embeddable":true,"href":"https:\/\/imprimeideas.es\/en\/wp-json\/wp\/v2\/product_brand?post=48970"},{"taxonomy":"product_cat","embeddable":true,"href":"https:\/\/imprimeideas.es\/en\/wp-json\/wp\/v2\/product_cat?post=48970"},{"taxonomy":"product_tag","embeddable":true,"href":"https:\/\/imprimeideas.es\/en\/wp-json\/wp\/v2\/product_tag?post=48970"}],"curies":[{"name":"wp","href":"https:\/\/api.w.org\/{rel}","templated":true}]}}