{"id":48968,"date":"2026-02-24T11:46:30","date_gmt":"2026-02-24T10:46:30","guid":{"rendered":"https:\/\/imprimeideas.es\/?post_type=product&p=48968"},"modified":"2026-02-26T18:42:30","modified_gmt":"2026-02-26T17:42:30","slug":"portatodo-logan","status":"publish","type":"product","link":"https:\/\/imprimeideas.es\/en\/product\/portatodo-logan\/","title":{"rendered":"Portatodo Logan"},"content":{"rendered":"<p>Portatodo impermeable fabricado en PVC, dise\u00f1ado con funci\u00f3n t\u00e1ctil para facilitar el uso de dispositivos. Con sistema de seguridad con cierre de palancas para una buena estanqueidad. Compatible con pantallas de hasta 6,7 pulgadas. Incluye  cord\u00f3n y mosquet\u00f3n  a juego para mayor comodidad.<\/p>","protected":false},"excerpt":{"rendered":"<p>Impermeable. Pantalla T\u00e1ctil<\/p>","protected":false},"featured_media":68858,"comment_status":"open","ping_status":"open","template":"","meta":{"inline_featured_image":false},"product_brand":[],"product_cat":[94,95,114],"product_tag":[],"class_list":{"0":"post-48968","1":"product","2":"type-product","3":"status-publish","4":"has-post-thumbnail","6":"product_cat-mochilas","7":"product_cat-tecnologia-y-accesorios","8":"product_cat-verano-y-playa","10":"first","11":"instock","12":"taxable","13":"shipping-taxable","14":"purchasable","15":"product-type-variable","16":"has-default-attributes"},"aioseo_notices":[],"_links":{"self":[{"href":"https:\/\/imprimeideas.es\/en\/wp-json\/wp\/v2\/product\/48968","targetHints":{"allow":["GET"]}}],"collection":[{"href":"https:\/\/imprimeideas.es\/en\/wp-json\/wp\/v2\/product"}],"about":[{"href":"https:\/\/imprimeideas.es\/en\/wp-json\/wp\/v2\/types\/product"}],"replies":[{"embeddable":true,"href":"https:\/\/imprimeideas.es\/en\/wp-json\/wp\/v2\/comments?post=48968"}],"version-history":[{"count":1,"href":"https:\/\/imprimeideas.es\/en\/wp-json\/wp\/v2\/product\/48968\/revisions"}],"predecessor-version":[{"id":56344,"href":"https:\/\/imprimeideas.es\/en\/wp-json\/wp\/v2\/product\/48968\/revisions\/56344"}],"wp:featuredmedia":[{"embeddable":true,"href":"https:\/\/imprimeideas.es\/en\/wp-json\/wp\/v2\/media\/68858"}],"wp:attachment":[{"href":"https:\/\/imprimeideas.es\/en\/wp-json\/wp\/v2\/media?parent=48968"}],"wp:term":[{"taxonomy":"product_brand","embeddable":true,"href":"https:\/\/imprimeideas.es\/en\/wp-json\/wp\/v2\/product_brand?post=48968"},{"taxonomy":"product_cat","embeddable":true,"href":"https:\/\/imprimeideas.es\/en\/wp-json\/wp\/v2\/product_cat?post=48968"},{"taxonomy":"product_tag","embeddable":true,"href":"https:\/\/imprimeideas.es\/en\/wp-json\/wp\/v2\/product_tag?post=48968"}],"curies":[{"name":"wp","href":"https:\/\/api.w.org\/{rel}","templated":true}]}}