{"id":48966,"date":"2026-02-24T11:46:30","date_gmt":"2026-02-24T10:46:30","guid":{"rendered":"https:\/\/imprimeideas.es\/?post_type=product&p=48966"},"modified":"2026-02-26T18:37:30","modified_gmt":"2026-02-26T17:37:30","slug":"lapiz-meron","status":"publish","type":"product","link":"https:\/\/imprimeideas.es\/en\/product\/lapiz-meron\/","title":{"rendered":"L\u00e1piz Meron"},"content":{"rendered":"<p>Pr\u00e1ctico l\u00e1piz cil\u00edndrico presentado en funda de papel con semillas, fabricado en suave madera natural con goma. La funda incluye semillas de petunia, convirti\u00e9ndolo en papel plantable al final de su vida \u00fatil. Incluye instrucciones de plantado en la cubierta trasera.<\/p>","protected":false},"excerpt":{"rendered":"<p>Funda Papel Semilla. Semillas de Petunia. Flores Colores Surtidos<\/p>","protected":false},"featured_media":72632,"comment_status":"open","ping_status":"open","template":"","meta":{"inline_featured_image":false},"product_brand":[],"product_cat":[100,108,106,105],"product_tag":[],"class_list":{"0":"post-48966","1":"product","2":"type-product","3":"status-publish","4":"has-post-thumbnail","6":"product_cat-escritura","7":"product_cat-infantil","8":"product_cat-regalos-y-premiums","9":"product_cat-vino-accesorios-de-bebida-y-hosteleria","11":"first","12":"instock","13":"taxable","14":"shipping-taxable","15":"purchasable","16":"product-type-variable","17":"has-default-attributes"},"aioseo_notices":[],"_links":{"self":[{"href":"https:\/\/imprimeideas.es\/en\/wp-json\/wp\/v2\/product\/48966","targetHints":{"allow":["GET"]}}],"collection":[{"href":"https:\/\/imprimeideas.es\/en\/wp-json\/wp\/v2\/product"}],"about":[{"href":"https:\/\/imprimeideas.es\/en\/wp-json\/wp\/v2\/types\/product"}],"replies":[{"embeddable":true,"href":"https:\/\/imprimeideas.es\/en\/wp-json\/wp\/v2\/comments?post=48966"}],"version-history":[{"count":1,"href":"https:\/\/imprimeideas.es\/en\/wp-json\/wp\/v2\/product\/48966\/revisions"}],"predecessor-version":[{"id":56343,"href":"https:\/\/imprimeideas.es\/en\/wp-json\/wp\/v2\/product\/48966\/revisions\/56343"}],"wp:featuredmedia":[{"embeddable":true,"href":"https:\/\/imprimeideas.es\/en\/wp-json\/wp\/v2\/media\/72632"}],"wp:attachment":[{"href":"https:\/\/imprimeideas.es\/en\/wp-json\/wp\/v2\/media?parent=48966"}],"wp:term":[{"taxonomy":"product_brand","embeddable":true,"href":"https:\/\/imprimeideas.es\/en\/wp-json\/wp\/v2\/product_brand?post=48966"},{"taxonomy":"product_cat","embeddable":true,"href":"https:\/\/imprimeideas.es\/en\/wp-json\/wp\/v2\/product_cat?post=48966"},{"taxonomy":"product_tag","embeddable":true,"href":"https:\/\/imprimeideas.es\/en\/wp-json\/wp\/v2\/product_tag?post=48966"}],"curies":[{"name":"wp","href":"https:\/\/api.w.org\/{rel}","templated":true}]}}