{"id":48964,"date":"2026-02-24T11:46:30","date_gmt":"2026-02-24T10:46:30","guid":{"rendered":"https:\/\/imprimeideas.es\/?post_type=product&p=48964"},"modified":"2026-02-26T18:08:24","modified_gmt":"2026-02-26T17:08:24","slug":"vaso-bolten","status":"publish","type":"product","link":"https:\/\/imprimeideas.es\/en\/product\/vaso-bolten\/","title":{"rendered":"Vaso Bolten"},"content":{"rendered":"<p>Vaso tama\u00f1o chupito con luces LEDsy 50 ml de capacidad. Fabricado en PS. Incluye pr\u00e1ctico cord\u00f3n para colgarlo c\u00f3modamente al cuello. Dispone de un bot\u00f3n en la base para activar las luces, ofreciendo 3 modos de iluminaci\u00f3n: luz fija e intermitente en diferentes velocidades. Alimentado mediante pilas de bot\u00f3n (incluidas). Libre de BPA.<\/p>","protected":false},"excerpt":{"rendered":"<p>50 ml. Luces Led Multicolor. 3 Posiciones de Luz, Fija e Intermitente. Pilas Bot\u00f3n Incluidas<\/p>","protected":false},"featured_media":62404,"comment_status":"open","ping_status":"open","template":"","meta":{"inline_featured_image":false},"product_brand":[],"product_cat":[113],"product_tag":[],"class_list":{"0":"post-48964","1":"product","2":"type-product","3":"status-publish","4":"has-post-thumbnail","6":"product_cat-eventos-y-fiesta","8":"first","9":"instock","10":"taxable","11":"shipping-taxable","12":"purchasable","13":"product-type-variable","14":"has-default-attributes"},"aioseo_notices":[],"_links":{"self":[{"href":"https:\/\/imprimeideas.es\/en\/wp-json\/wp\/v2\/product\/48964","targetHints":{"allow":["GET"]}}],"collection":[{"href":"https:\/\/imprimeideas.es\/en\/wp-json\/wp\/v2\/product"}],"about":[{"href":"https:\/\/imprimeideas.es\/en\/wp-json\/wp\/v2\/types\/product"}],"replies":[{"embeddable":true,"href":"https:\/\/imprimeideas.es\/en\/wp-json\/wp\/v2\/comments?post=48964"}],"version-history":[{"count":1,"href":"https:\/\/imprimeideas.es\/en\/wp-json\/wp\/v2\/product\/48964\/revisions"}],"predecessor-version":[{"id":56342,"href":"https:\/\/imprimeideas.es\/en\/wp-json\/wp\/v2\/product\/48964\/revisions\/56342"}],"wp:featuredmedia":[{"embeddable":true,"href":"https:\/\/imprimeideas.es\/en\/wp-json\/wp\/v2\/media\/62404"}],"wp:attachment":[{"href":"https:\/\/imprimeideas.es\/en\/wp-json\/wp\/v2\/media?parent=48964"}],"wp:term":[{"taxonomy":"product_brand","embeddable":true,"href":"https:\/\/imprimeideas.es\/en\/wp-json\/wp\/v2\/product_brand?post=48964"},{"taxonomy":"product_cat","embeddable":true,"href":"https:\/\/imprimeideas.es\/en\/wp-json\/wp\/v2\/product_cat?post=48964"},{"taxonomy":"product_tag","embeddable":true,"href":"https:\/\/imprimeideas.es\/en\/wp-json\/wp\/v2\/product_tag?post=48964"}],"curies":[{"name":"wp","href":"https:\/\/api.w.org\/{rel}","templated":true}]}}