{"id":48935,"date":"2026-02-24T11:46:26","date_gmt":"2026-02-24T10:46:26","guid":{"rendered":"https:\/\/imprimeideas.es\/?post_type=product&p=48935"},"modified":"2026-02-26T18:32:59","modified_gmt":"2026-02-26T17:32:59","slug":"bolsa-sayon","status":"publish","type":"product","link":"https:\/\/imprimeideas.es\/en\/product\/bolsa-sayon\/","title":{"rendered":"Bolsa Sayon"},"content":{"rendered":"<p>Bolsa fabricada en pp-woven laminado RPET. Equipada con doble asa reforzadas: asas cortas de 40&#215;3 cm y largas de 70&#215;3 cm. Con resistencia de hasta 8kg.El material RPET se elabora a partir de pl\u00e1stico reciclado, para as\u00ed fomentar la reutilizaci\u00f3n de residuos pl\u00e1sticos y ayudar a la sostenibilidad del planeta.<\/p>","protected":false},"excerpt":{"rendered":"<p>Bolsa fabricada en pp-woven laminado RPET. Equipada con doble asa reforzadas: asas cortas de 40&#215;3 cm y largas de 70&#215;3<\/p>","protected":false},"featured_media":71985,"comment_status":"open","ping_status":"open","template":"","meta":{"inline_featured_image":false},"product_brand":[],"product_cat":[99],"product_tag":[],"class_list":{"0":"post-48935","1":"product","2":"type-product","3":"status-publish","4":"has-post-thumbnail","6":"product_cat-bolsas","8":"first","9":"instock","10":"taxable","11":"shipping-taxable","12":"purchasable","13":"product-type-variable","14":"has-default-attributes"},"aioseo_notices":[],"_links":{"self":[{"href":"https:\/\/imprimeideas.es\/en\/wp-json\/wp\/v2\/product\/48935","targetHints":{"allow":["GET"]}}],"collection":[{"href":"https:\/\/imprimeideas.es\/en\/wp-json\/wp\/v2\/product"}],"about":[{"href":"https:\/\/imprimeideas.es\/en\/wp-json\/wp\/v2\/types\/product"}],"replies":[{"embeddable":true,"href":"https:\/\/imprimeideas.es\/en\/wp-json\/wp\/v2\/comments?post=48935"}],"version-history":[{"count":1,"href":"https:\/\/imprimeideas.es\/en\/wp-json\/wp\/v2\/product\/48935\/revisions"}],"predecessor-version":[{"id":56332,"href":"https:\/\/imprimeideas.es\/en\/wp-json\/wp\/v2\/product\/48935\/revisions\/56332"}],"wp:featuredmedia":[{"embeddable":true,"href":"https:\/\/imprimeideas.es\/en\/wp-json\/wp\/v2\/media\/71985"}],"wp:attachment":[{"href":"https:\/\/imprimeideas.es\/en\/wp-json\/wp\/v2\/media?parent=48935"}],"wp:term":[{"taxonomy":"product_brand","embeddable":true,"href":"https:\/\/imprimeideas.es\/en\/wp-json\/wp\/v2\/product_brand?post=48935"},{"taxonomy":"product_cat","embeddable":true,"href":"https:\/\/imprimeideas.es\/en\/wp-json\/wp\/v2\/product_cat?post=48935"},{"taxonomy":"product_tag","embeddable":true,"href":"https:\/\/imprimeideas.es\/en\/wp-json\/wp\/v2\/product_tag?post=48935"}],"curies":[{"name":"wp","href":"https:\/\/api.w.org\/{rel}","templated":true}]}}