{"id":48875,"date":"2026-02-24T11:46:18","date_gmt":"2026-02-24T10:46:18","guid":{"rendered":"https:\/\/imprimeideas.es\/?post_type=product&p=48875"},"modified":"2026-02-26T18:42:27","modified_gmt":"2026-02-26T17:42:27","slug":"boligrafo-dinor","status":"publish","type":"product","link":"https:\/\/imprimeideas.es\/en\/product\/boligrafo-dinor\/","title":{"rendered":"Bol\u00edgrafo Dinor"},"content":{"rendered":"<p>Bol\u00edgrafo fabricado en RABS. Clip de mecanismo pulsador y en tinta azul. Distintivo RABS en la parte superior del bol\u00edgrafo.El RABS es un pl\u00e1stico altamente reciclable de gran resistencia y con multitud de aplicaciones que lo convierten en una soluci\u00f3n eco-friendly.<\/p>","protected":false},"excerpt":{"rendered":"<p>Bol\u00edgrafo fabricado en RABS. Clip de mecanismo pulsador y en tinta azul. Distintivo RABS en la parte superior del bol\u00edgrafo.El<\/p>","protected":false},"featured_media":68370,"comment_status":"open","ping_status":"open","template":"","meta":{"inline_featured_image":false},"product_brand":[],"product_cat":[100,105],"product_tag":[],"class_list":{"0":"post-48875","1":"product","2":"type-product","3":"status-publish","4":"has-post-thumbnail","6":"product_cat-escritura","7":"product_cat-vino-accesorios-de-bebida-y-hosteleria","9":"first","10":"instock","11":"taxable","12":"shipping-taxable","13":"purchasable","14":"product-type-variable","15":"has-default-attributes"},"aioseo_notices":[],"_links":{"self":[{"href":"https:\/\/imprimeideas.es\/en\/wp-json\/wp\/v2\/product\/48875","targetHints":{"allow":["GET"]}}],"collection":[{"href":"https:\/\/imprimeideas.es\/en\/wp-json\/wp\/v2\/product"}],"about":[{"href":"https:\/\/imprimeideas.es\/en\/wp-json\/wp\/v2\/types\/product"}],"replies":[{"embeddable":true,"href":"https:\/\/imprimeideas.es\/en\/wp-json\/wp\/v2\/comments?post=48875"}],"version-history":[{"count":1,"href":"https:\/\/imprimeideas.es\/en\/wp-json\/wp\/v2\/product\/48875\/revisions"}],"predecessor-version":[{"id":56319,"href":"https:\/\/imprimeideas.es\/en\/wp-json\/wp\/v2\/product\/48875\/revisions\/56319"}],"wp:featuredmedia":[{"embeddable":true,"href":"https:\/\/imprimeideas.es\/en\/wp-json\/wp\/v2\/media\/68370"}],"wp:attachment":[{"href":"https:\/\/imprimeideas.es\/en\/wp-json\/wp\/v2\/media?parent=48875"}],"wp:term":[{"taxonomy":"product_brand","embeddable":true,"href":"https:\/\/imprimeideas.es\/en\/wp-json\/wp\/v2\/product_brand?post=48875"},{"taxonomy":"product_cat","embeddable":true,"href":"https:\/\/imprimeideas.es\/en\/wp-json\/wp\/v2\/product_cat?post=48875"},{"taxonomy":"product_tag","embeddable":true,"href":"https:\/\/imprimeideas.es\/en\/wp-json\/wp\/v2\/product_tag?post=48875"}],"curies":[{"name":"wp","href":"https:\/\/api.w.org\/{rel}","templated":true}]}}