{"id":48873,"date":"2026-02-24T11:46:17","date_gmt":"2026-02-24T10:46:17","guid":{"rendered":"https:\/\/imprimeideas.es\/?post_type=product&p=48873"},"modified":"2026-02-26T18:37:26","modified_gmt":"2026-02-26T17:37:26","slug":"set-jayon","status":"publish","type":"product","link":"https:\/\/imprimeideas.es\/en\/product\/set-jayon\/","title":{"rendered":"Set Jayon"},"content":{"rendered":"<p>Elegante set en RPET con acabado negro bitono y detalles met\u00e1licos. Incluye:-Bol\u00edgrafo de RPET de acabado negro bitono y detalles met\u00e1licos. Con mecanismo giratorio y tinta azul.-Llavero en RPET de acabado color negro bitono y  accesorios cromados.Presentado en estuche individual negro. Incluye tarjeta negra interior con distintivo RPET.El material RPET se elabora a partir de pl\u00e1stico reciclado, para as\u00ed fomentar la reutilizaci\u00f3n de residuos pl\u00e1sticos y ayudar a la sostenibilidad del planeta.<\/p>","protected":false},"excerpt":{"rendered":"<p>Bol\u00edgrafo. Llavero<\/p>","protected":false},"featured_media":49865,"comment_status":"open","ping_status":"open","template":"","meta":{"inline_featured_image":false},"product_brand":[],"product_cat":[100,106],"product_tag":[],"class_list":{"0":"post-48873","1":"product","2":"type-product","3":"status-publish","4":"has-post-thumbnail","6":"product_cat-escritura","7":"product_cat-regalos-y-premiums","9":"first","10":"instock","11":"taxable","12":"shipping-taxable","13":"purchasable","14":"product-type-variable","15":"has-default-attributes"},"aioseo_notices":[],"_links":{"self":[{"href":"https:\/\/imprimeideas.es\/en\/wp-json\/wp\/v2\/product\/48873","targetHints":{"allow":["GET"]}}],"collection":[{"href":"https:\/\/imprimeideas.es\/en\/wp-json\/wp\/v2\/product"}],"about":[{"href":"https:\/\/imprimeideas.es\/en\/wp-json\/wp\/v2\/types\/product"}],"replies":[{"embeddable":true,"href":"https:\/\/imprimeideas.es\/en\/wp-json\/wp\/v2\/comments?post=48873"}],"version-history":[{"count":1,"href":"https:\/\/imprimeideas.es\/en\/wp-json\/wp\/v2\/product\/48873\/revisions"}],"predecessor-version":[{"id":56318,"href":"https:\/\/imprimeideas.es\/en\/wp-json\/wp\/v2\/product\/48873\/revisions\/56318"}],"wp:featuredmedia":[{"embeddable":true,"href":"https:\/\/imprimeideas.es\/en\/wp-json\/wp\/v2\/media\/49865"}],"wp:attachment":[{"href":"https:\/\/imprimeideas.es\/en\/wp-json\/wp\/v2\/media?parent=48873"}],"wp:term":[{"taxonomy":"product_brand","embeddable":true,"href":"https:\/\/imprimeideas.es\/en\/wp-json\/wp\/v2\/product_brand?post=48873"},{"taxonomy":"product_cat","embeddable":true,"href":"https:\/\/imprimeideas.es\/en\/wp-json\/wp\/v2\/product_cat?post=48873"},{"taxonomy":"product_tag","embeddable":true,"href":"https:\/\/imprimeideas.es\/en\/wp-json\/wp\/v2\/product_tag?post=48873"}],"curies":[{"name":"wp","href":"https:\/\/api.w.org\/{rel}","templated":true}]}}