{"id":48858,"date":"2026-02-24T11:46:15","date_gmt":"2026-02-24T10:46:15","guid":{"rendered":"https:\/\/imprimeideas.es\/?post_type=product&p=48858"},"modified":"2026-02-26T18:23:30","modified_gmt":"2026-02-26T17:23:30","slug":"boligrafo-lapiz-eterno-pikford","status":"publish","type":"product","link":"https:\/\/imprimeideas.es\/en\/product\/boligrafo-lapiz-eterno-pikford\/","title":{"rendered":"Bol\u00edgrafo L\u00e1piz Eterno Pikford"},"content":{"rendered":"<p>Bol\u00edgrafo l\u00e1piz eterno 2 en 1 fabricado en bamb\u00fa. Dispone de un doble cierre de capucha en cart\u00f3n reciclado. En un extremo, cuenta con un bol\u00edgrafo con tinta azul; en el otro, un l\u00e1piz eterno que permite escribir de forma continua sin necesidad de reemplazo.Materiales como el Bamb\u00fa fomentan la utilizaci\u00f3n de materias primas naturales reduciendo las emisiones contaminantes. Adem\u00e1s, el bamb\u00fa proviene de una planta de gran resistencia y versatilidad, con crecimiento y regeneraci\u00f3n r\u00e1pida, siendo una excelente alternativa al uso de madera tradicional.<\/p>","protected":false},"excerpt":{"rendered":"<p>Bol\u00edgrafo l\u00e1piz eterno 2 en 1 fabricado en bamb\u00fa. Dispone de un doble cierre de capucha en cart\u00f3n reciclado. En<\/p>","protected":false},"featured_media":79506,"comment_status":"open","ping_status":"open","template":"","meta":{"inline_featured_image":false},"product_brand":[],"product_cat":[100],"product_tag":[],"class_list":{"0":"post-48858","1":"product","2":"type-product","3":"status-publish","4":"has-post-thumbnail","6":"product_cat-escritura","8":"first","9":"instock","10":"taxable","11":"shipping-taxable","12":"purchasable","13":"product-type-variable","14":"has-default-attributes"},"aioseo_notices":[],"_links":{"self":[{"href":"https:\/\/imprimeideas.es\/en\/wp-json\/wp\/v2\/product\/48858","targetHints":{"allow":["GET"]}}],"collection":[{"href":"https:\/\/imprimeideas.es\/en\/wp-json\/wp\/v2\/product"}],"about":[{"href":"https:\/\/imprimeideas.es\/en\/wp-json\/wp\/v2\/types\/product"}],"replies":[{"embeddable":true,"href":"https:\/\/imprimeideas.es\/en\/wp-json\/wp\/v2\/comments?post=48858"}],"version-history":[{"count":1,"href":"https:\/\/imprimeideas.es\/en\/wp-json\/wp\/v2\/product\/48858\/revisions"}],"predecessor-version":[{"id":56314,"href":"https:\/\/imprimeideas.es\/en\/wp-json\/wp\/v2\/product\/48858\/revisions\/56314"}],"wp:featuredmedia":[{"embeddable":true,"href":"https:\/\/imprimeideas.es\/en\/wp-json\/wp\/v2\/media\/79506"}],"wp:attachment":[{"href":"https:\/\/imprimeideas.es\/en\/wp-json\/wp\/v2\/media?parent=48858"}],"wp:term":[{"taxonomy":"product_brand","embeddable":true,"href":"https:\/\/imprimeideas.es\/en\/wp-json\/wp\/v2\/product_brand?post=48858"},{"taxonomy":"product_cat","embeddable":true,"href":"https:\/\/imprimeideas.es\/en\/wp-json\/wp\/v2\/product_cat?post=48858"},{"taxonomy":"product_tag","embeddable":true,"href":"https:\/\/imprimeideas.es\/en\/wp-json\/wp\/v2\/product_tag?post=48858"}],"curies":[{"name":"wp","href":"https:\/\/api.w.org\/{rel}","templated":true}]}}