{"id":48856,"date":"2026-02-24T11:46:15","date_gmt":"2026-02-24T10:46:15","guid":{"rendered":"https:\/\/imprimeideas.es\/?post_type=product&p=48856"},"modified":"2026-02-26T18:08:08","modified_gmt":"2026-02-26T17:08:08","slug":"boligrafo-kadan","status":"publish","type":"product","link":"https:\/\/imprimeideas.es\/en\/product\/boligrafo-kadan\/","title":{"rendered":"Bol\u00edgrafo Kadan"},"content":{"rendered":"<p>Bol\u00edgrafo con cuerpo fabricado con cartones de leche reciclados y detalles en color blanco. Con cierre de capucha y en tinta azul, con distintivo cart\u00f3n de leche reciclado en el cuerpo.Los cartones de leche se componen en su mayor parte de cart\u00f3n y aluminio. Durante su proceso de reciclado, se separan los distintos materiales del envase para su reutilizaci\u00f3n y nuevo uso, contribuyendo as\u00ed a recorrer el camino infinito de la econom\u00eda circular. Este material se caracteriza por su alto grado de reciclabilidad, as\u00ed como por su ligereza y resistencia.<\/p>","protected":false},"excerpt":{"rendered":"<p>Bol\u00edgrafo con cuerpo fabricado con cartones de leche reciclados y detalles en color blanco. Con cierre de capucha y en<\/p>","protected":false},"featured_media":69240,"comment_status":"open","ping_status":"open","template":"","meta":{"inline_featured_image":false},"product_brand":[],"product_cat":[100],"product_tag":[],"class_list":{"0":"post-48856","1":"product","2":"type-product","3":"status-publish","4":"has-post-thumbnail","6":"product_cat-escritura","8":"first","9":"instock","10":"taxable","11":"shipping-taxable","12":"purchasable","13":"product-type-variable","14":"has-default-attributes"},"aioseo_notices":[],"_links":{"self":[{"href":"https:\/\/imprimeideas.es\/en\/wp-json\/wp\/v2\/product\/48856","targetHints":{"allow":["GET"]}}],"collection":[{"href":"https:\/\/imprimeideas.es\/en\/wp-json\/wp\/v2\/product"}],"about":[{"href":"https:\/\/imprimeideas.es\/en\/wp-json\/wp\/v2\/types\/product"}],"replies":[{"embeddable":true,"href":"https:\/\/imprimeideas.es\/en\/wp-json\/wp\/v2\/comments?post=48856"}],"version-history":[{"count":1,"href":"https:\/\/imprimeideas.es\/en\/wp-json\/wp\/v2\/product\/48856\/revisions"}],"predecessor-version":[{"id":56313,"href":"https:\/\/imprimeideas.es\/en\/wp-json\/wp\/v2\/product\/48856\/revisions\/56313"}],"wp:featuredmedia":[{"embeddable":true,"href":"https:\/\/imprimeideas.es\/en\/wp-json\/wp\/v2\/media\/69240"}],"wp:attachment":[{"href":"https:\/\/imprimeideas.es\/en\/wp-json\/wp\/v2\/media?parent=48856"}],"wp:term":[{"taxonomy":"product_brand","embeddable":true,"href":"https:\/\/imprimeideas.es\/en\/wp-json\/wp\/v2\/product_brand?post=48856"},{"taxonomy":"product_cat","embeddable":true,"href":"https:\/\/imprimeideas.es\/en\/wp-json\/wp\/v2\/product_cat?post=48856"},{"taxonomy":"product_tag","embeddable":true,"href":"https:\/\/imprimeideas.es\/en\/wp-json\/wp\/v2\/product_tag?post=48856"}],"curies":[{"name":"wp","href":"https:\/\/api.w.org\/{rel}","templated":true}]}}