{"id":48854,"date":"2026-02-24T11:46:15","date_gmt":"2026-02-24T10:46:15","guid":{"rendered":"https:\/\/imprimeideas.es\/?post_type=product&p=48854"},"modified":"2026-02-26T18:42:30","modified_gmt":"2026-02-26T17:42:30","slug":"boligrafo-holan","status":"publish","type":"product","link":"https:\/\/imprimeideas.es\/en\/product\/boligrafo-holan\/","title":{"rendered":"Bol\u00edgrafo Holan"},"content":{"rendered":"<p>Elegante bol\u00edgrafo elaborado en una combinaci\u00f3n de bamb\u00fa natural y elementos met\u00e1licos con acabado dorado, con mecanismo giratorio y tinta azul. Presentado en distinguido estuche de bamb\u00fa.Materiales como el Bamb\u00fa fomentan la utilizaci\u00f3n de materias primas naturales reduciendo las emisiones contaminantes. Adem\u00e1s, el bamb\u00fa proviene de una planta de gran resistencia y versatilidad, con crecimiento y regeneraci\u00f3n r\u00e1pida, siendo una excelente alternativa al uso de madera tradicional.<\/p>","protected":false},"excerpt":{"rendered":"<p>Elegante bol\u00edgrafo elaborado en una combinaci\u00f3n de bamb\u00fa natural y elementos met\u00e1licos con acabado dorado, con mecanismo giratorio y tinta<\/p>","protected":false},"featured_media":69399,"comment_status":"open","ping_status":"open","template":"","meta":{"inline_featured_image":false},"product_brand":[],"product_cat":[100],"product_tag":[],"class_list":{"0":"post-48854","1":"product","2":"type-product","3":"status-publish","4":"has-post-thumbnail","6":"product_cat-escritura","8":"first","9":"instock","10":"taxable","11":"shipping-taxable","12":"purchasable","13":"product-type-variable","14":"has-default-attributes"},"aioseo_notices":[],"_links":{"self":[{"href":"https:\/\/imprimeideas.es\/en\/wp-json\/wp\/v2\/product\/48854","targetHints":{"allow":["GET"]}}],"collection":[{"href":"https:\/\/imprimeideas.es\/en\/wp-json\/wp\/v2\/product"}],"about":[{"href":"https:\/\/imprimeideas.es\/en\/wp-json\/wp\/v2\/types\/product"}],"replies":[{"embeddable":true,"href":"https:\/\/imprimeideas.es\/en\/wp-json\/wp\/v2\/comments?post=48854"}],"version-history":[{"count":1,"href":"https:\/\/imprimeideas.es\/en\/wp-json\/wp\/v2\/product\/48854\/revisions"}],"predecessor-version":[{"id":56312,"href":"https:\/\/imprimeideas.es\/en\/wp-json\/wp\/v2\/product\/48854\/revisions\/56312"}],"wp:featuredmedia":[{"embeddable":true,"href":"https:\/\/imprimeideas.es\/en\/wp-json\/wp\/v2\/media\/69399"}],"wp:attachment":[{"href":"https:\/\/imprimeideas.es\/en\/wp-json\/wp\/v2\/media?parent=48854"}],"wp:term":[{"taxonomy":"product_brand","embeddable":true,"href":"https:\/\/imprimeideas.es\/en\/wp-json\/wp\/v2\/product_brand?post=48854"},{"taxonomy":"product_cat","embeddable":true,"href":"https:\/\/imprimeideas.es\/en\/wp-json\/wp\/v2\/product_cat?post=48854"},{"taxonomy":"product_tag","embeddable":true,"href":"https:\/\/imprimeideas.es\/en\/wp-json\/wp\/v2\/product_tag?post=48854"}],"curies":[{"name":"wp","href":"https:\/\/api.w.org\/{rel}","templated":true}]}}